{"id":2866,"date":"2015-03-09T11:31:59","date_gmt":"2015-03-09T11:31:59","guid":{"rendered":"http:\/\/pan42.wpengine.com\/?page_id=2866"},"modified":"2019-01-31T10:58:27","modified_gmt":"2019-01-31T10:58:27","slug":"cookie-hinweis","status":"publish","type":"page","link":"https:\/\/www.pan42.com\/de\/cookie-hinweis\/","title":{"rendered":"Cookie-Hinweis"},"content":{"rendered":"<p>[et_pb_section fb_built=&#8220;1&#8243; fullwidth=&#8220;on&#8220; disabled_on=&#8220;off|off|off&#8220; admin_label=&#8220;Header section&#8220; _builder_version=&#8220;3.19.9&#8243; custom_padding=&#8220;0|0px|0|0px|false|false&#8220; animation_style=&#8220;slide&#8220; animation_direction=&#8220;top&#8220; animation_intensity_slide=&#8220;2%&#8220; animation_starting_opacity=&#8220;100%&#8220; locked=&#8220;off&#8220;][et_pb_fullwidth_header title=&#8220;Cookie-Hinweis&#8220; content_max_width=&#8220;800px&#8220; _builder_version=&#8220;3.19.9&#8243; title_level=&#8220;h2&#8243; title_font=&#8220;Open Sans||||||||&#8220; title_font_size=&#8220;54px&#8220; title_font_size_phone=&#8220;40px&#8220; title_font_size_last_edited=&#8220;on|desktop&#8220; title_line_height=&#8220;1.2em&#8220; content_font=&#8220;Open Sans||||||||&#8220; content_font_size=&#8220;26px&#8220; content_font_size_phone=&#8220;18px&#8220; content_font_size_last_edited=&#8220;on|desktop&#8220; content_line_height=&#8220;1.8em&#8220; subhead_font=&#8220;Open Sans||||||||&#8220; subhead_font_size=&#8220;22px&#8220; subhead_font_size_last_edited=&#8220;on|desktop&#8220; background_color=&#8220;rgba(255,255,255,0)&#8220; background_color_gradient_direction=&#8220;90deg&#8220; background_image=&#8220;https:\/\/www.pan42.com\/wp-content\/uploads\/2019\/01\/Pan42-header-1920&#215;1280.jpg&#8220; custom_button_two=&#8220;on&#8220; button_two_text_size=&#8220;18px&#8220; button_two_text_color=&#8220;#353740&#8243; button_two_bg_color=&#8220;#ffffff&#8220; button_two_border_width=&#8220;8px&#8220; button_two_border_color=&#8220;#ffffff&#8220; button_two_border_radius=&#8220;0px&#8220; button_two_letter_spacing=&#8220;1px&#8220; button_two_font=&#8220;Lato|700|||||||&#8220; button_two_use_icon=&#8220;off&#8220; custom_button_one=&#8220;on&#8220; button_one_text_size=&#8220;18px&#8220; button_one_bg_color=&#8220;#02d002&#8243; button_one_border_width=&#8220;8px&#8220; button_one_border_color=&#8220;#02d002&#8243; button_one_border_radius=&#8220;0px&#8220; button_one_letter_spacing=&#8220;1px&#8220; button_one_font=&#8220;Lato|700|||||||&#8220; button_one_use_icon=&#8220;off&#8220; custom_margin=&#8220;|||&#8220; custom_padding=&#8220;8%||8%|&#8220; button_one_letter_spacing_hover=&#8220;1px&#8220; button_two_letter_spacing_hover=&#8220;1px&#8220; locked=&#8220;off&#8220; button_one_text_size__hover_enabled=&#8220;off&#8220; button_two_text_size__hover_enabled=&#8220;off&#8220; button_one_text_color__hover_enabled=&#8220;off&#8220; button_two_text_color__hover_enabled=&#8220;off&#8220; button_one_border_width__hover_enabled=&#8220;off&#8220; button_two_border_width__hover_enabled=&#8220;off&#8220; button_one_border_color__hover_enabled=&#8220;off&#8220; button_two_border_color__hover_enabled=&#8220;off&#8220; button_one_border_radius__hover_enabled=&#8220;off&#8220; button_two_border_radius__hover_enabled=&#8220;off&#8220; button_one_letter_spacing__hover_enabled=&#8220;on&#8220; button_one_letter_spacing__hover=&#8220;1px&#8220; button_two_letter_spacing__hover_enabled=&#8220;on&#8220; button_two_letter_spacing__hover=&#8220;1px&#8220; button_one_bg_color__hover_enabled=&#8220;off&#8220; button_two_bg_color__hover_enabled=&#8220;off&#8220;][\/et_pb_fullwidth_header][\/et_pb_section][et_pb_section fb_built=&#8220;1&#8243; _builder_version=&#8220;3.0.47&#8243; locked=&#8220;off&#8220;][et_pb_row _builder_version=&#8220;3.0.48&#8243; background_size=&#8220;initial&#8220; background_position=&#8220;top_left&#8220; background_repeat=&#8220;repeat&#8220;][et_pb_column type=&#8220;4_4&#8243; _builder_version=&#8220;3.0.47&#8243; parallax=&#8220;off&#8220; parallax_method=&#8220;on&#8220;][et_pb_text _builder_version=&#8220;3.19.9&#8243; background_size=&#8220;initial&#8220; background_position=&#8220;top_left&#8220; background_repeat=&#8220;repeat&#8220;]<\/p>\n<h2>Was sind Cookies und wie werden sie verwendet?<\/h2>\n<p>Cookies sind kleine Textdateien, die durch den Webserver auf Ihrer Festplatte abgelegt werden und die es Webseiten unter anderem erm\u00f6glichen, die Browseraktivit\u00e4ten des Besuchers zu speichern. Dazu z\u00e4hlt z.B. wohin ein Besucher auf einer Webseite geklickt hat. Auf unserer Seite werden Ihre Browseraktivit\u00e4ten (die in diesen Cookies gelagert werden) anschlie\u00dfend von Ihrem Browser zu unserer Webseite zur\u00fcckgeschickt, sodass diese Informationen dazu verwendet werden k\u00f6nnen, auf Sie \u201azugeschnittene\u2018 Webseiten zu bieten, um die Benutzung unserer Website pers\u00f6nlicher zu gestalten.<\/p>\n<h3>Es gibt verschiedene Arten von Cookies:<\/h3>\n<ul>\n<li>Permanente Cookies erm\u00f6glichen es unserer Webseite, Sie wieder zu erkennen, wenn Sie noch einmal dorthin zur\u00fcckkehren. Dies hilft uns dabei, sowohl die Webseite als auch Ihre Besuche zu optimieren.<\/li>\n<li>Sitzungscookies bestehen nur f\u00fcr die Dauer Ihres aktuellen Besuches, solange Ihr Browser ge\u00f6ffnet ist. Sie sind nicht auf Ihrer Festplatte gespeichert und werden gel\u00f6scht, wenn Sie Ihren Webbrowser schlie\u00dfen.<\/li>\n<\/ul>\n<h3>Wir verwenden folgende Permanent Cookies:<\/h3>\n<ul>\n<li>_ga : Dieses Cookie wird von Google Analytics verwendet um Informationen dar\u00fcber zu erhalten, wie unsere Website von Besuchern genutzt wird. Wir verwenden diese Information zur Erstellung von Reports und als Hilfestellung zur Verbesserung unserer Website. Das Cookie sammelt die Daten in anonymisierter Form, einschlie\u00dflich Anzahl der Besucher der Website, von woher die Besucher auf die Website gekommen sind und welche Seiten sie aufgerufen haben. Das Cookie sammelt keinerlei Informationen, die eine Identifizierung der Person erm\u00f6glichen. Das _ga Cookie ist f\u00fcr die Dauer von zwei Jahren aktiviert.<br \/>Bitte lesen Sie dazu Google\u2019s Datenschutzerkl\u00e4rung zur Auswertung weiterer Daten: <a href=\"http:\/\/www.google.co.uk\/intl\/en\/policies\/privacy\/\">http:\/\/www.google.co.uk\/intl\/en\/policies\/privacy\/<\/a><\/li>\n<\/ul>\n<ul>\n<li>_icl_current_language ist ein handels\u00fcbliches Produkt namens WPML zur Verwaltung von Inhalten in mehreren Sprachen. Der Einfachheit halber speichert es die Spracheinstellung der zuletzt von Ihnen aufgerufenen Seite f\u00fcr ihren n\u00e4chsten Besuch auf unserer Website:<\/li>\n<\/ul>\n<h3>Erfasste Cookie-Daten<\/h3>\n<p>Bestimmte Browser lassen die Identifizierung und das Lesen von erfassten Cookiedaten zu; darunter<\/p>\n<ul>\n<li>Name of cookie, associated value, associated domain, size of cookie, path, expiry date, transfer protocal and security.<\/li>\n<\/ul>\n<p>Name des Cookies, dazugeh\u00f6riger Wert, dazugeh\u00f6rige Domain, Gr\u00f6\u00dfe des Cookies, Pfad, G\u00fcltigkeitsdatum, Transferprotokoll und Sicherheit.<br \/>Ein Browser, der dies zul\u00e4sst, ist \u201aFireFox\u2018 und das Zusatzprogramm Firebug (<a href=\"https:\/\/getfirebug.com\/\">https:\/\/getfirebug.com\/<\/a>)<\/p>\n<p>Andere Browser haben m\u00f6glicherweise ihre eigenen Programme.<\/p>\n<p>&nbsp;<\/p>\n<p>[\/et_pb_text][et_pb_divider color=&#8220;#d6d6d6&#8243; _builder_version=&#8220;3.19.9&#8243;][\/et_pb_divider][et_pb_text _builder_version=&#8220;3.19.9&#8243; background_size=&#8220;initial&#8220; background_position=&#8220;top_left&#8220; background_repeat=&#8220;repeat&#8220;]<\/p>\n<h2>Manuelle Verwaltung der Cookies<\/h2>\n<p>Es gibt mehrere M\u00f6glichkeiten, Cookies manuell auf Ihrem Computer\/Ger\u00e4t zu verwalten. Wenn Sie von mehr als einem Computer\/Ger\u00e4t auf das Internet zugreifen, ist es wichtig, dass Sie sicherstellen, dass jeder Browser nach Ihren Cookiepr\u00e4ferenzen konfiguriert ist.<\/p>\n<p><strong>Sie k\u00f6nnen w\u00e4hlen, ob Sie Cookies akzeptieren m\u00f6chten oder nicht. Sie k\u00f6nnen den Browser entsprechend konfigurieren, sodass Sie benachrichtigt werden, wenn Sie ein Cookie empfangen. Sie k\u00f6nnen in Ihren Browsereinstellungen die Verwendung von Cookies auch permanent verweigern. F\u00fcr Einzelheiten nehmen Sie bitte Bezug auf die Hilfefunktion Ihres Internetbrowsers.<\/strong><\/p>\n<p>F\u00fcr weitere Informationen zu den personenbezogenen Daten, die wir erfassen und wie wir diese verwenden, nehmen Sie bitte Bezug auf unsere <a href=\"http:\/\/www.pan42.com\/de\/datenschutzerklaerung\/\">Datenschutzrichtlinie<\/a>.<\/p>\n<p>Sollten Sie noch R\u00fcckfragen oder Vorschl\u00e4ge in Bezug auf unsere Cookie Verwendung oder zum Thema Datenschutz haben, k\u00f6nnen Sie Pan42 gerne unter info@pan42.com oder Pan42 Software Engineering GmbH, Am Predigertor 1, 79098 Freiburg im Breisgau, Deutschland kontaktieren.<\/p>\n<p>[\/et_pb_text][\/et_pb_column][\/et_pb_row][\/et_pb_section]<\/p>\n","protected":false},"excerpt":{"rendered":"<p>Was sind Cookies und wie werden sie verwendet? Cookies sind kleine Textdateien, die durch den Webserver auf Ihrer Festplatte abgelegt werden und die es Webseiten unter anderem erm\u00f6glichen, die Browseraktivit\u00e4ten des Besuchers zu speichern. Dazu z\u00e4hlt z.B. wohin ein Besucher auf einer Webseite geklickt hat. Auf unserer Seite werden Ihre Browseraktivit\u00e4ten (die in diesen Cookies [&hellip;]<\/p>\n","protected":false},"author":1,"featured_media":0,"parent":0,"menu_order":0,"comment_status":"closed","ping_status":"closed","template":"","meta":{"_et_pb_use_builder":"on","_et_pb_old_content":"<h1>Cookie Notice<\/h1><h2>What are cookies and how are they used?<\/h2><p>Cookies are small text files that are filed on your hard-drive by the web-server and which inter alia enable websites to remember a visitor's browsing activity. This can include where a visitor has clicked on web pages. On our site, your browsing activity (which is held in these cookies) is subsequently sent back to our Website by your browser so that this information can be used to deliver 'tailored' web pages to make your use of our site more personal.<\/p><h3>There are different types of cookies:<\/h3><ul><li>Persistent Cookies will allow our site to recognise you when you return to our site another time. This provides us with useful analytics that help us to optimise our website and your visits.<\/li><li>Session Cookies exist just for the life of your current visit whilst you have your browser open. They are not stored on your hard disk and are erased when you exit your web browser.<\/li><\/ul><h3>We use the following permanent cookies:<\/h3><ul><li>_ga : This cookie is used by Google Analytics to collect information about how visitors use our site.\u00a0We use the information to compile reports and to help us improve the site.\u00a0The cookie collects information in an anonymous form, including the number of visitors to the site, where visitors have come to the site from and what pages they visited.\u00a0The cookie does not collect personal identifiable information.<br \/>The _ga cookie will last for two years. Please refer to Google\u2019s privacy policy which includes analytics for further information: <a href=\"http:\/\/www.google.co.uk\/intl\/en\/policies\/privacy\/\">http:\/\/www.google.co.uk\/intl\/en\/policies\/privacy\/<\/a><\/li><\/ul><ul><li>_icl_current_language an off-the-shelf product called WPML to manage content in multiple languages. For your convenience on future visits, it stores the language code of the last page you viewed:<\/li><\/ul><h3>Cookie Data collected<\/h3><p>Certain browsers allow for the identification and reading of cookie data collected; including<\/p><ul><li>Name of cookie, associated value, associated domain, size of cookie, path, expiry date, transfer protocal and security.<\/li><\/ul><p>One such browser to allow this is \u2018FireFox\u2019 and the Firebug add-on tool (<a href=\"https:\/\/getfirebug.com\/\">https:\/\/getfirebug.com\/<\/a>)<\/p><p>Other browsers may have their own tools.<\/p><hr \/><h2>Manually managing cookies<\/h2><p>There are a number of ways you can manually manage cookies on your computer\/device. If you access the Internet from more than one computer\/device it is important to ensure each browser is configured to suit your cookie preferences.<\/p><p><strong>You may choose whether or not you wish to accept cookies. You may configure the browser in such a way that you are notified in the event of the receipt of a cookie. You may also refuse the use of cookies permanently in your browser configuration. For details, please refer the help function of your internet browser.<\/strong><\/p><p>For more information on the data we collect and how we use it, please refer to\u00a0our\u00a0<a title=\"Privacy Policy\" href=\"\/?page_id=2590\">Privacy Policy<\/a>.<\/p><p>If you have any questions, queries or suggestions regarding this Cookie Policy please feel free to contact Pan42 at info@pan42.com or at Privacy Policy Matters, Pan42 Software Engineering GmbH, Am Predigertor 1, 79098 Freiburg im Breisgau, Germany.<\/p>","_et_gb_content_width":"","_monsterinsights_skip_tracking":false,"_monsterinsights_sitenote_active":false,"_monsterinsights_sitenote_note":"","_monsterinsights_sitenote_category":0,"footnotes":""},"class_list":["post-2866","page","type-page","status-publish","hentry"],"yoast_head":"<!-- This site is optimized with the Yoast SEO plugin v26.8 - https:\/\/yoast.com\/product\/yoast-seo-wordpress\/ -->\n<title>Cookie-Hinweis - Pan42 Software Engineering<\/title>\n<meta name=\"robots\" content=\"index, follow, max-snippet:-1, max-image-preview:large, max-video-preview:-1\" \/>\n<link rel=\"canonical\" href=\"https:\/\/www.pan42.com\/de\/cookie-hinweis\/\" \/>\n<meta property=\"og:locale\" content=\"de_DE\" \/>\n<meta property=\"og:type\" content=\"article\" \/>\n<meta property=\"og:title\" content=\"Cookie-Hinweis - Pan42 Software Engineering\" \/>\n<meta property=\"og:description\" content=\"Was sind Cookies und wie werden sie verwendet? Cookies sind kleine Textdateien, die durch den Webserver auf Ihrer Festplatte abgelegt werden und die es Webseiten unter anderem erm\u00f6glichen, die Browseraktivit\u00e4ten des Besuchers zu speichern. Dazu z\u00e4hlt z.B. wohin ein Besucher auf einer Webseite geklickt hat. Auf unserer Seite werden Ihre Browseraktivit\u00e4ten (die in diesen Cookies [&hellip;]\" \/>\n<meta property=\"og:url\" content=\"https:\/\/www.pan42.com\/de\/cookie-hinweis\/\" \/>\n<meta property=\"og:site_name\" content=\"Pan42 Software Engineering\" \/>\n<meta property=\"article:modified_time\" content=\"2019-01-31T10:58:27+00:00\" \/>\n<meta name=\"twitter:label1\" content=\"Gesch\u00e4tzte Lesezeit\" \/>\n\t<meta name=\"twitter:data1\" content=\"5 Minuten\" \/>\n<script type=\"application\/ld+json\" class=\"yoast-schema-graph\">{\"@context\":\"https:\/\/schema.org\",\"@graph\":[{\"@type\":\"WebPage\",\"@id\":\"https:\/\/www.pan42.com\/de\/cookie-hinweis\/\",\"url\":\"https:\/\/www.pan42.com\/de\/cookie-hinweis\/\",\"name\":\"Cookie-Hinweis - Pan42 Software Engineering\",\"isPartOf\":{\"@id\":\"https:\/\/www.pan42.com\/#website\"},\"datePublished\":\"2015-03-09T11:31:59+00:00\",\"dateModified\":\"2019-01-31T10:58:27+00:00\",\"breadcrumb\":{\"@id\":\"https:\/\/www.pan42.com\/de\/cookie-hinweis\/#breadcrumb\"},\"inLanguage\":\"de-DE\",\"potentialAction\":[{\"@type\":\"ReadAction\",\"target\":[\"https:\/\/www.pan42.com\/de\/cookie-hinweis\/\"]}]},{\"@type\":\"BreadcrumbList\",\"@id\":\"https:\/\/www.pan42.com\/de\/cookie-hinweis\/#breadcrumb\",\"itemListElement\":[{\"@type\":\"ListItem\",\"position\":1,\"name\":\"Home\",\"item\":\"https:\/\/www.pan42.com\/de\/\"},{\"@type\":\"ListItem\",\"position\":2,\"name\":\"Cookie-Hinweis\"}]},{\"@type\":\"WebSite\",\"@id\":\"https:\/\/www.pan42.com\/#website\",\"url\":\"https:\/\/www.pan42.com\/\",\"name\":\"Pan42 Software Engineering\",\"description\":\"EDA Data Migration\",\"potentialAction\":[{\"@type\":\"SearchAction\",\"target\":{\"@type\":\"EntryPoint\",\"urlTemplate\":\"https:\/\/www.pan42.com\/?s={search_term_string}\"},\"query-input\":{\"@type\":\"PropertyValueSpecification\",\"valueRequired\":true,\"valueName\":\"search_term_string\"}}],\"inLanguage\":\"de-DE\"}]}<\/script>\n<!-- \/ Yoast SEO plugin. -->","yoast_head_json":{"title":"Cookie-Hinweis - Pan42 Software Engineering","robots":{"index":"index","follow":"follow","max-snippet":"max-snippet:-1","max-image-preview":"max-image-preview:large","max-video-preview":"max-video-preview:-1"},"canonical":"https:\/\/www.pan42.com\/de\/cookie-hinweis\/","og_locale":"de_DE","og_type":"article","og_title":"Cookie-Hinweis - Pan42 Software Engineering","og_description":"Was sind Cookies und wie werden sie verwendet? Cookies sind kleine Textdateien, die durch den Webserver auf Ihrer Festplatte abgelegt werden und die es Webseiten unter anderem erm\u00f6glichen, die Browseraktivit\u00e4ten des Besuchers zu speichern. Dazu z\u00e4hlt z.B. wohin ein Besucher auf einer Webseite geklickt hat. Auf unserer Seite werden Ihre Browseraktivit\u00e4ten (die in diesen Cookies [&hellip;]","og_url":"https:\/\/www.pan42.com\/de\/cookie-hinweis\/","og_site_name":"Pan42 Software Engineering","article_modified_time":"2019-01-31T10:58:27+00:00","twitter_misc":{"Gesch\u00e4tzte Lesezeit":"5 Minuten"},"schema":{"@context":"https:\/\/schema.org","@graph":[{"@type":"WebPage","@id":"https:\/\/www.pan42.com\/de\/cookie-hinweis\/","url":"https:\/\/www.pan42.com\/de\/cookie-hinweis\/","name":"Cookie-Hinweis - Pan42 Software Engineering","isPartOf":{"@id":"https:\/\/www.pan42.com\/#website"},"datePublished":"2015-03-09T11:31:59+00:00","dateModified":"2019-01-31T10:58:27+00:00","breadcrumb":{"@id":"https:\/\/www.pan42.com\/de\/cookie-hinweis\/#breadcrumb"},"inLanguage":"de-DE","potentialAction":[{"@type":"ReadAction","target":["https:\/\/www.pan42.com\/de\/cookie-hinweis\/"]}]},{"@type":"BreadcrumbList","@id":"https:\/\/www.pan42.com\/de\/cookie-hinweis\/#breadcrumb","itemListElement":[{"@type":"ListItem","position":1,"name":"Home","item":"https:\/\/www.pan42.com\/de\/"},{"@type":"ListItem","position":2,"name":"Cookie-Hinweis"}]},{"@type":"WebSite","@id":"https:\/\/www.pan42.com\/#website","url":"https:\/\/www.pan42.com\/","name":"Pan42 Software Engineering","description":"EDA Data Migration","potentialAction":[{"@type":"SearchAction","target":{"@type":"EntryPoint","urlTemplate":"https:\/\/www.pan42.com\/?s={search_term_string}"},"query-input":{"@type":"PropertyValueSpecification","valueRequired":true,"valueName":"search_term_string"}}],"inLanguage":"de-DE"}]}},"_links":{"self":[{"href":"https:\/\/www.pan42.com\/de\/wp-json\/wp\/v2\/pages\/2866","targetHints":{"allow":["GET"]}}],"collection":[{"href":"https:\/\/www.pan42.com\/de\/wp-json\/wp\/v2\/pages"}],"about":[{"href":"https:\/\/www.pan42.com\/de\/wp-json\/wp\/v2\/types\/page"}],"author":[{"embeddable":true,"href":"https:\/\/www.pan42.com\/de\/wp-json\/wp\/v2\/users\/1"}],"replies":[{"embeddable":true,"href":"https:\/\/www.pan42.com\/de\/wp-json\/wp\/v2\/comments?post=2866"}],"version-history":[{"count":0,"href":"https:\/\/www.pan42.com\/de\/wp-json\/wp\/v2\/pages\/2866\/revisions"}],"wp:attachment":[{"href":"https:\/\/www.pan42.com\/de\/wp-json\/wp\/v2\/media?parent=2866"}],"curies":[{"name":"wp","href":"https:\/\/api.w.org\/{rel}","templated":true}]}}