{"id":2677,"date":"2014-10-08T09:02:19","date_gmt":"2014-10-08T09:02:19","guid":{"rendered":"http:\/\/pan42.wpengine.com\/?page_id=2677"},"modified":"2019-01-31T11:07:10","modified_gmt":"2019-01-31T11:07:10","slug":"service","status":"publish","type":"page","link":"https:\/\/www.pan42.com\/de\/service\/","title":{"rendered":"Service"},"content":{"rendered":"<p>[et_pb_section fb_built=&#8220;1&#8243; fullwidth=&#8220;on&#8220; disabled_on=&#8220;off|off|off&#8220; admin_label=&#8220;Header section&#8220; _builder_version=&#8220;3.19.9&#8243; custom_padding=&#8220;0|0px|0|0px|false|false&#8220; animation_style=&#8220;slide&#8220; animation_direction=&#8220;top&#8220; animation_intensity_slide=&#8220;2%&#8220; animation_starting_opacity=&#8220;100%&#8220; locked=&#8220;off&#8220;][et_pb_fullwidth_header title=&#8220;Service&#8220; content_max_width=&#8220;800px&#8220; _builder_version=&#8220;3.19.9&#8243; title_level=&#8220;h2&#8243; title_font=&#8220;Open Sans||||||||&#8220; title_font_size=&#8220;54px&#8220; title_font_size_phone=&#8220;40px&#8220; title_font_size_last_edited=&#8220;on|desktop&#8220; title_line_height=&#8220;1.2em&#8220; content_font=&#8220;Open Sans||||||||&#8220; content_font_size=&#8220;26px&#8220; content_font_size_phone=&#8220;18px&#8220; content_font_size_last_edited=&#8220;on|desktop&#8220; content_line_height=&#8220;1.8em&#8220; subhead_font=&#8220;Open Sans||||||||&#8220; subhead_font_size=&#8220;22px&#8220; subhead_font_size_last_edited=&#8220;on|desktop&#8220; background_color=&#8220;rgba(255,255,255,0)&#8220; background_color_gradient_direction=&#8220;90deg&#8220; background_image=&#8220;https:\/\/www.pan42.com\/wp-content\/uploads\/2019\/01\/Pan42-header-1920&#215;1280.jpg&#8220; custom_button_two=&#8220;on&#8220; button_two_text_size=&#8220;18px&#8220; button_two_text_color=&#8220;#353740&#8243; button_two_bg_color=&#8220;#ffffff&#8220; button_two_border_width=&#8220;8px&#8220; button_two_border_color=&#8220;#ffffff&#8220; button_two_border_radius=&#8220;0px&#8220; button_two_letter_spacing=&#8220;1px&#8220; button_two_font=&#8220;Lato|700|||||||&#8220; button_two_use_icon=&#8220;off&#8220; custom_button_one=&#8220;on&#8220; button_one_text_size=&#8220;18px&#8220; button_one_bg_color=&#8220;#02d002&#8243; button_one_border_width=&#8220;8px&#8220; button_one_border_color=&#8220;#02d002&#8243; button_one_border_radius=&#8220;0px&#8220; button_one_letter_spacing=&#8220;1px&#8220; button_one_font=&#8220;Lato|700|||||||&#8220; button_one_use_icon=&#8220;off&#8220; custom_margin=&#8220;|||&#8220; custom_padding=&#8220;8%||8%|&#8220; button_one_letter_spacing_hover=&#8220;1px&#8220; button_two_letter_spacing_hover=&#8220;1px&#8220; locked=&#8220;off&#8220; button_one_text_size__hover_enabled=&#8220;off&#8220; button_two_text_size__hover_enabled=&#8220;off&#8220; button_one_text_color__hover_enabled=&#8220;off&#8220; button_two_text_color__hover_enabled=&#8220;off&#8220; button_one_border_width__hover_enabled=&#8220;off&#8220; button_two_border_width__hover_enabled=&#8220;off&#8220; button_one_border_color__hover_enabled=&#8220;off&#8220; button_two_border_color__hover_enabled=&#8220;off&#8220; button_one_border_radius__hover_enabled=&#8220;off&#8220; button_two_border_radius__hover_enabled=&#8220;off&#8220; button_one_letter_spacing__hover_enabled=&#8220;on&#8220; button_one_letter_spacing__hover=&#8220;1px&#8220; button_two_letter_spacing__hover_enabled=&#8220;on&#8220; button_two_letter_spacing__hover=&#8220;1px&#8220; button_one_bg_color__hover_enabled=&#8220;off&#8220; button_two_bg_color__hover_enabled=&#8220;off&#8220;][\/et_pb_fullwidth_header][\/et_pb_section][et_pb_section fb_built=&#8220;1&#8243; _builder_version=&#8220;3.19.4&#8243; custom_padding=&#8220;71px|0px|54px|0px|false|false&#8220; locked=&#8220;off&#8220;][et_pb_row _builder_version=&#8220;3.19.7&#8243; background_size=&#8220;initial&#8220; background_position=&#8220;top_left&#8220; background_repeat=&#8220;repeat&#8220;][et_pb_column type=&#8220;4_4&#8243; _builder_version=&#8220;3.0.47&#8243; parallax=&#8220;off&#8220; parallax_method=&#8220;on&#8220;][et_pb_text _builder_version=&#8220;3.19.7&#8243;]<\/p>\n<h1>Wir bieten Ihnen unterschiedlichste M\u00f6glichkeiten f\u00fcr die Datenmigration:<\/h1>\n<p>[\/et_pb_text][et_pb_divider color=&#8220;#d6d6d6&#8243; _builder_version=&#8220;3.19.7&#8243;][\/et_pb_divider][\/et_pb_column][\/et_pb_row][et_pb_row _builder_version=&#8220;3.0.48&#8243; background_size=&#8220;initial&#8220; background_position=&#8220;top_left&#8220; background_repeat=&#8220;repeat&#8220;][et_pb_column type=&#8220;1_4&#8243; _builder_version=&#8220;3.0.47&#8243; parallax=&#8220;off&#8220; parallax_method=&#8220;on&#8220;][et_pb_image src=&#8220;https:\/\/www.pan42.com\/wp-content\/uploads\/2014\/09\/3982902_250px.jpg&#8220; _builder_version=&#8220;3.19.4&#8243; animation_style=&#8220;slide&#8220; animation_direction=&#8220;left&#8220;][\/et_pb_image][\/et_pb_column][et_pb_column type=&#8220;3_4&#8243; _builder_version=&#8220;3.0.47&#8243; parallax=&#8220;off&#8220; parallax_method=&#8220;on&#8220;][et_pb_text _builder_version=&#8220;3.19.7&#8243;]<\/p>\n<h3>Komplett-Service f\u00fcr Daten\u00fcbertragung<\/h3>\n<p>Wir erhalten von Ihnen Designdaten, die wir in Ihr gew\u00fcnschtes Zielsystem \u00fcbertragen. Unsere Erfahrung zeigt, dass jeder Kunde seine eigene Design- und Datenstruktur pflegt, die optimal an die Bed\u00fcrfnisse des Unternehmens angepasst ist. Unser Ziel ist es diese Struktur zur erhalten oder zu verbessern, ganz nach Kundenwunsch. Der Komplett-Service umfasst die \u00dcbertragung und die Qualit\u00e4tskontrolle im Zielsystem.<\/p>\n<p>[\/et_pb_text][et_pb_toggle title=&#8220;Lesen Sie mehr&#8220; closed_toggle_background_color=&#8220;rgba(0,0,0,0)&#8220; _builder_version=&#8220;3.19.7&#8243; title_font=&#8220;||||||||&#8220; body_font=&#8220;||||||||&#8220; border_width_all=&#8220;0px&#8220; max_width=&#8220;98%&#8220;]<\/p>\n<ul>\n<li><strong>Analyse der Design Daten<\/strong><br \/> Lesbarkeit der Daten; Erarbeiten der Spezifikation f\u00fcr die Einstellung des Konverters: \u00dcbertragung Bauteilattribute, Bezeichnungen der Lagen u.v.m \u2026<\/li>\n<li><strong>Anpassung der Konfiguration<\/strong><br \/> Umsetzung der Spezifikation in den Konverter mittels einer Steuerdatei (PanLink-Mapping).<\/li>\n<li><strong>\u00dcbertragung der Daten<\/strong><br \/>Je nach Anforderung in Einzelschritten oder mit Hilfe von automatisierten Abl\u00e4ufen in einer Stapelverarbeitung. Die Stapelverarbeitung eignet sich besonders bei der \u00dcbertragung von vielen Designs.<\/li>\n<li><strong>Qualit\u00e4tskontrolle (QC)<\/strong><br \/> Die QC umfasst die visuelle, manuelle Pr\u00fcfung der Daten im Zielsystem. Weiter geh\u00f6ren dazu Netzliste- und Gerberdatenvergleich bei der Design\u00fcbertragung. Ziel sind voll verwertbare Designdaten im Wunschsystem.<\/li>\n<\/ul>\n<p>[\/et_pb_toggle][et_pb_divider color=&#8220;#d6d6d6&#8243; _builder_version=&#8220;3.19.7&#8243;][\/et_pb_divider][\/et_pb_column][\/et_pb_row][et_pb_row _builder_version=&#8220;3.0.48&#8243; background_size=&#8220;initial&#8220; background_position=&#8220;top_left&#8220; background_repeat=&#8220;repeat&#8220;][et_pb_column type=&#8220;1_4&#8243; _builder_version=&#8220;3.0.47&#8243; parallax=&#8220;off&#8220; parallax_method=&#8220;on&#8220;][et_pb_image src=&#8220;https:\/\/www.pan42.com\/wp-content\/uploads\/2014\/09\/iStock_000042768312-250px.jpg&#8220; _builder_version=&#8220;3.19.4&#8243; animation_style=&#8220;slide&#8220; animation_direction=&#8220;left&#8220;][\/et_pb_image][\/et_pb_column][et_pb_column type=&#8220;3_4&#8243; _builder_version=&#8220;3.0.47&#8243; parallax=&#8220;off&#8220; parallax_method=&#8220;on&#8220;][et_pb_text _builder_version=&#8220;3.19.7&#8243;]<\/p>\n<h3>Software<\/h3>\n<p>Sie m\u00f6chten die Daten selbst \u00fcbertragen oder k\u00f6nnen die Daten nicht au\u00dfer Haus geben.<\/p>\n<p>Hier haben Sie die M\u00f6glichkeit aus den unterschiedlichen PanLink Konfigurationen das f\u00fcr Sie passende Paket auszuw\u00e4hlen.[\/et_pb_text][et_pb_toggle title=&#8220;Lesen Sie mehr&#8220; closed_toggle_background_color=&#8220;rgba(0,0,0,0)&#8220; _builder_version=&#8220;3.19.7&#8243; title_font=&#8220;||||||||&#8220; body_font=&#8220;||||||||&#8220; border_width_all=&#8220;0px&#8220; max_width=&#8220;98%&#8220;]<\/p>\n<ul>\n<li>E-CAD Bibliothek Daten Migration (Schaltplan, Layout, zusammen oder getrennt)<\/li>\n<li>Schaltplan Daten Migration<\/li>\n<li>Leiterplattendesign Daten Migration<\/li>\n<li>Design Schaltplan und Layout Daten Migration<\/li>\n<li>Kabelpl\u00e4ne Migration<\/li>\n<li>Kombinationen von unterschiedlichen Quellsystemen unterschiedlicher E-CAD Systemherstellern sind m\u00f6glich. Hierbei f\u00fchrt PanLink die unterschiedlichen Eingangsdaten in einer gemeinsamen Datenbasis zusammen und synchronisiert diese. Mit Hilfe einer Steuerdatei wird PanLink so konfiguriert, dass ein optimales \u00dcbertragungsergebnis erzielt wird. Hierzu stehen umfangreiche M\u00f6glichkeiten zur Verf\u00fcgung.<\/li>\n<\/ul>\n<h3>Betriebssysteme f\u00fcr PanLink<\/h3>\n<ul>\n<li>Window 7, 32 \/ 64 Bit<\/li>\n<li>Andere Betriebssysteme wie HP-UX, Linux, Unix je nach Quell- und Zielsystem.<\/li>\n<\/ul>\n<h3>K\u00fcrzlich realisierte Kundenprojekte:<\/h3>\n<ul>\n<li>Scald Cadence Schematic &#038; Layout Mentor Baordstation nach Zuken CR-5000 Board Designer and System Designer or CR-8000.<\/li>\n<li>Mentor Design Architect &#038; Cadence Allegro Layout nach Zuken CR-5000 or CR-8000.<\/li>\n<li>DxDesigner &#038; PADS Power PCB transferred nach Zuken CR-5000 or CR-8000.<\/li>\n<\/ul>\n<p>[\/et_pb_toggle][et_pb_divider color=&#8220;#d6d6d6&#8243; _builder_version=&#8220;3.19.7&#8243;][\/et_pb_divider][\/et_pb_column][\/et_pb_row][et_pb_row _builder_version=&#8220;3.0.48&#8243; background_size=&#8220;initial&#8220; background_position=&#8220;top_left&#8220; background_repeat=&#8220;repeat&#8220;][et_pb_column type=&#8220;1_4&#8243; _builder_version=&#8220;3.0.47&#8243; parallax=&#8220;off&#8220; parallax_method=&#8220;on&#8220;][et_pb_image src=&#8220;https:\/\/www.pan42.com\/wp-content\/uploads\/2014\/09\/iStock_000008092483Illustra-250px.png&#8220; _builder_version=&#8220;3.19.4&#8243; animation_style=&#8220;slide&#8220; animation_direction=&#8220;left&#8220;][\/et_pb_image][\/et_pb_column][et_pb_column type=&#8220;3_4&#8243; _builder_version=&#8220;3.0.47&#8243; parallax=&#8220;off&#8220; parallax_method=&#8220;on&#8220;][et_pb_text _builder_version=&#8220;3.19.7&#8243;]<\/p>\n<h3>Qualit\u00e4t<\/h3>\n<p>F\u00fcr die Sicherstellung der sehr hohen \u00dcbertragungsqualit\u00e4t sind in unserem Workflow etliche unterschiedliche Pr\u00fcfschritte eingebaut. Bei Schaltplan- und Layoutdaten werden  die neu erzeugten Zieldaten mit den Quelldaten verglichen.<\/p>\n<p>Die Qualit\u00e4tspr\u00fcfung stellt die hohen Anspr\u00fcche an die gesamte \u00dcbertragungskette sicher.<\/p>\n<p>[\/et_pb_text][et_pb_toggle title=&#8220;Lesen Sie mehr&#8220; closed_toggle_background_color=&#8220;rgba(0,0,0,0)&#8220; _builder_version=&#8220;3.19.7&#8243; title_font=&#8220;||||||||&#8220; body_font=&#8220;||||||||&#8220; border_width_all=&#8220;0px&#8220; max_width=&#8220;98%&#8220;]Das Ergebnis der Migration ist abh\u00e4ngig von der Software, der Konfiguration und der Qualit\u00e4t der Quelldaten.<\/p>\n<ul>\n<li><strong>Netzlistenvergleich<\/strong><br \/>\nVergleich der Leiterplattennetzliste aus dem Quellsystem mit den Daten im Schaltplan des Zielsystems.<\/li>\n<li><strong>BOM (St\u00fcckliste) Vergleich<\/strong><br \/>\nVergleich zwischen der St\u00fcckliste des Quellsystems und einer neuen St\u00fcckliste aus dem Zielsystem. Gegebenenfalls werden Best\u00fcckvarianten mit \u00fcberpr\u00fcft.<\/li>\n<li><strong>Forward- \/ Backwardation Annotation<\/strong><br \/>\n\u00dcberpr\u00fcfung der Synchronisation zwischen Schaltplan und Layout des E-CAD Designs. Diese Pr\u00fcfung ist ma\u00dfgeblich abh\u00e4ngig von den Quelldaten.<\/li>\n<li><strong>Gerber Daten Vergleich (extended Gerber)<\/strong><br \/>\nVergleich der Quell-Gerber Daten mit den neuen aus dem \u00fcbertragenen Design generierten Daten.<\/li>\n<li><strong>Bohrdatenvergleich (Excellon)<\/strong><br \/>\nVergleich der existierenden Quelldaten mit den neu generierten Zielsystemdaten.<\/li>\n<li><strong>Zielsystemtest<\/strong><br \/>\nNach der Migration wird jedes erzeugte Design auf seine Bearbeitbarkeit im Zielsystem gepr\u00fcft.<\/li>\n<\/ul>\n<p>[\/et_pb_toggle][et_pb_divider color=&#8220;#d6d6d6&#8243; _builder_version=&#8220;3.19.4&#8243;][\/et_pb_divider][\/et_pb_column][\/et_pb_row][\/et_pb_section]<\/p>\n","protected":false},"excerpt":{"rendered":"<p>Wir bieten Ihnen unterschiedlichste M\u00f6glichkeiten f\u00fcr die Datenmigration:Komplett-Service f\u00fcr Daten\u00fcbertragung Wir erhalten von Ihnen Designdaten, die wir in Ihr gew\u00fcnschtes Zielsystem \u00fcbertragen. Unsere Erfahrung zeigt, dass jeder Kunde seine eigene Design- und Datenstruktur pflegt, die optimal an die Bed\u00fcrfnisse des Unternehmens angepasst ist. Unser Ziel ist es diese Struktur zur erhalten oder zu verbessern, ganz [&hellip;]<\/p>\n","protected":false},"author":1,"featured_media":0,"parent":0,"menu_order":0,"comment_status":"closed","ping_status":"closed","template":"","meta":{"_et_pb_use_builder":"on","_et_pb_old_content":"[vc_row css=\".vc_custom_1412074053569{margin-top: 20px !important;margin-bottom: 20px !important;}\"][vc_column width=\"1\/1\" css=\".vc_custom_1412074409982{margin-bottom: 0px !important;}\"][vc_column_text]\r\n<h2>We offer a wide variety of options for data migration:<\/h2>\r\n[\/vc_column_text][vc_separator color=\"grey\"][\/vc_column][\/vc_row][vc_row][vc_column width=\"1\/4\" css=\".vc_custom_1412074323638{margin-top: 20px !important;}\"][vc_single_image border_color=\"grey\" img_link_target=\"_self\" css=\".vc_custom_1424268392571{background-color: #043a8d !important;}\" animation=\"slideRight\" scroll_animation=\"disable\" delay=\"0.1\" image=\"2792\" img_size=\"full\"][\/vc_column][vc_column width=\"3\/4\"][vc_column_text]\r\n<h3>Full service for data transmission<\/h3>\r\nWe transfer your complete source data we receive to your desired destination system.\u00a0Our experience shows that each client maintains its own design and data structure that is optimally adapted to the needs of the company.\r\n\r\nOur goal is to maintain this structure or to improve it according to customer\u2019s request.\u00a0Our complete service comprises the transfer and the quality control in the destination system.[\/vc_column_text][vc_toggle title=\"Read More\" open=\"false\"]\r\n<ul>\r\n \t<li><strong>Analysis of design data<\/strong>\r\nLegibility of the data; compiling specifications for the setting of the converter: transfer of part attributes, name of layers, etc.<\/li>\r\n \t<li><strong>Adjustment of the configuration<\/strong>\r\nTranscription of the specifications in the converter with the help of a control file (PanLink-mapping)<\/li>\r\n \t<li><strong>Transfer of the data<\/strong>\r\nDepending on the requirements, this is done step-by-step or with automated batch processes. The batch processing is especially suitable for transferring a huge number of designs.<\/li>\r\n \t<li><strong>Quality control (QC)<\/strong>\r\nThe quality control comprises the visual and the manual control of the data in the destination system. With the design transfer the net list comparison and the Gerber overlay are part of the quality control. The aim is to have fully usable design data in the destination system.<\/li>\r\n<\/ul>\r\n[\/vc_toggle][vc_separator color=\"grey\"][\/vc_column][\/vc_row][vc_row css=\".vc_custom_1412074200984{margin-top: 0px !important;padding-top: 0px !important;}\"][vc_column width=\"1\/4\" css=\".vc_custom_1412074255669{margin-top: 20px !important;}\"][vc_single_image border_color=\"grey\" img_link_target=\"_self\" css=\".vc_custom_1424268381038{background-color: #043a8d !important;}\" animation=\"slideRight\" scroll_animation=\"disable\" delay=\"0.3\" image=\"2793\" img_size=\"full\"][\/vc_column][vc_column width=\"3\/4\"][vc_column_text]\r\n<h3>Software<\/h3>\r\nYou want to transfer the data on your own or the data is confidential.\r\n\r\nYou have the opportunity to select from the different PanLink configurations the right package for you.[\/vc_column_text][vc_toggle title=\"Read More\" open=\"false\"]\r\n<ul>\r\n \t<li>Library data migration (schematic, layout, combined or separate)<\/li>\r\n \t<li>Schematic data migration<\/li>\r\n \t<li>Layout data migration<\/li>\r\n \t<li>Design data migration<\/li>\r\n \t<li>Cable data migration<\/li>\r\n \t<li>Combinations of different source tools from different E-CAD system providers are possible. Here PanLink merges the different source data to a common database and synchronizes them. PanLink has considerable possibilities to transfer the data exactly in that form which is needed by the design environment. For that purpose a control file is available.<\/li>\r\n<\/ul>\r\n<h4>Supported Operation systems<\/h4>\r\n<ul>\r\n \t<li>Windows 7 32 \/ 64 Bit is standard for the target System.<\/li>\r\n \t<li>Other OS-Systems for extracting the source data on request (e.g. HP-UX, Linux, Unix).<\/li>\r\n<\/ul>\r\n<h4>Recently realized customer projects:<\/h4>\r\n<ul>\r\n \t<li>Scald Cadence Schematic & Layout Mentor Boardstation transferred to the target Zuken CR-5000 Board Designer and System Designer or CR-8000.<\/li>\r\n \t<li>Mentor Design Architect & Cadence Allegro Layout transferred to the target Zuken CR-5000 or CR-8000.<\/li>\r\n \t<li>DxDesigner & PADS Power PCB transferred to the target Zuken CR-5000 or CR-8000.<\/li>\r\n<\/ul>\r\n[\/vc_toggle][vc_separator color=\"grey\"][\/vc_column][\/vc_row][vc_row][vc_column width=\"1\/4\" css=\".vc_custom_1412074338683{margin-top: 20px !important;}\"][vc_single_image border_color=\"grey\" img_link_target=\"_self\" image=\"2797\" img_size=\"full\" css=\".vc_custom_1424268370158{background-color: #043a8d !important;}\" animation=\"slideRight\" scroll_animation=\"disable\" delay=\"0.5\"][\/vc_column][vc_column width=\"3\/4\"][vc_column_text]\r\n<h3>Quality<\/h3>\r\nFor ensuring a very high transmission quality, many different test steps are included in our workflow. In schematic and layout data, the newly generated destination data is compared to the source data.\r\n\r\nThe quality control ensures the sophisticated requirements of the transmission.[\/vc_column_text][vc_toggle title=\"Read More\" open=\"false\"]\r\n<ul>\r\n \t<li><strong>Netlist comparison at design migration<\/strong>\r\nCompare the source PCB netlist with the new schematic netlist.<\/li>\r\n \t<li><strong>BOM comparison<\/strong>\r\nComparison of the bom list of the source system and the new bom list of the destination system. If necessary, assembly variants are also checked<\/li>\r\n \t<li><strong>Forward \/ backward annotation<\/strong>\r\nCheck of the synchronization between schematic and layout design. This check depends heavily on the source data.<\/li>\r\n \t<li><strong>Gerber data comparison (extended Gerber)<\/strong>\r\nComparison of the existing source Gerber data with the migrated design data.<\/li>\r\n \t<li><strong>Source drill data comparison (Excellon)<\/strong>\r\nCompare the existing source drill data with the migrated board data.<\/li>\r\n \t<li><strong>Destination system test<\/strong>\r\nAfter migration, every generated design is tested on its workability in the destination system.<\/li>\r\n<\/ul>\r\n[\/vc_toggle][\/vc_column][\/vc_row]","_et_gb_content_width":"","_monsterinsights_skip_tracking":false,"_monsterinsights_sitenote_active":false,"_monsterinsights_sitenote_note":"","_monsterinsights_sitenote_category":0,"footnotes":""},"class_list":["post-2677","page","type-page","status-publish","hentry"],"yoast_head":"<!-- This site is optimized with the Yoast SEO plugin v26.8 - https:\/\/yoast.com\/product\/yoast-seo-wordpress\/ -->\n<title>Service - Pan42 Software Engineering<\/title>\n<meta name=\"robots\" content=\"index, follow, max-snippet:-1, max-image-preview:large, max-video-preview:-1\" \/>\n<link rel=\"canonical\" href=\"https:\/\/www.pan42.com\/de\/service\/\" \/>\n<meta property=\"og:locale\" content=\"de_DE\" \/>\n<meta property=\"og:type\" content=\"article\" \/>\n<meta property=\"og:title\" content=\"Service - Pan42 Software Engineering\" \/>\n<meta property=\"og:description\" content=\"Wir bieten Ihnen unterschiedlichste M\u00f6glichkeiten f\u00fcr die Datenmigration:Komplett-Service f\u00fcr Daten\u00fcbertragung Wir erhalten von Ihnen Designdaten, die wir in Ihr gew\u00fcnschtes Zielsystem \u00fcbertragen. Unsere Erfahrung zeigt, dass jeder Kunde seine eigene Design- und Datenstruktur pflegt, die optimal an die Bed\u00fcrfnisse des Unternehmens angepasst ist. Unser Ziel ist es diese Struktur zur erhalten oder zu verbessern, ganz [&hellip;]\" \/>\n<meta property=\"og:url\" content=\"https:\/\/www.pan42.com\/de\/service\/\" \/>\n<meta property=\"og:site_name\" content=\"Pan42 Software Engineering\" \/>\n<meta property=\"article:modified_time\" content=\"2019-01-31T11:07:10+00:00\" \/>\n<meta name=\"twitter:label1\" content=\"Gesch\u00e4tzte Lesezeit\" \/>\n\t<meta name=\"twitter:data1\" content=\"6 Minuten\" \/>\n<script type=\"application\/ld+json\" class=\"yoast-schema-graph\">{\"@context\":\"https:\/\/schema.org\",\"@graph\":[{\"@type\":\"WebPage\",\"@id\":\"https:\/\/www.pan42.com\/de\/service\/\",\"url\":\"https:\/\/www.pan42.com\/de\/service\/\",\"name\":\"Service - Pan42 Software Engineering\",\"isPartOf\":{\"@id\":\"https:\/\/www.pan42.com\/#website\"},\"datePublished\":\"2014-10-08T09:02:19+00:00\",\"dateModified\":\"2019-01-31T11:07:10+00:00\",\"breadcrumb\":{\"@id\":\"https:\/\/www.pan42.com\/de\/service\/#breadcrumb\"},\"inLanguage\":\"de-DE\",\"potentialAction\":[{\"@type\":\"ReadAction\",\"target\":[\"https:\/\/www.pan42.com\/de\/service\/\"]}]},{\"@type\":\"BreadcrumbList\",\"@id\":\"https:\/\/www.pan42.com\/de\/service\/#breadcrumb\",\"itemListElement\":[{\"@type\":\"ListItem\",\"position\":1,\"name\":\"Home\",\"item\":\"https:\/\/www.pan42.com\/de\/\"},{\"@type\":\"ListItem\",\"position\":2,\"name\":\"Service\"}]},{\"@type\":\"WebSite\",\"@id\":\"https:\/\/www.pan42.com\/#website\",\"url\":\"https:\/\/www.pan42.com\/\",\"name\":\"Pan42 Software Engineering\",\"description\":\"EDA Data Migration\",\"potentialAction\":[{\"@type\":\"SearchAction\",\"target\":{\"@type\":\"EntryPoint\",\"urlTemplate\":\"https:\/\/www.pan42.com\/?s={search_term_string}\"},\"query-input\":{\"@type\":\"PropertyValueSpecification\",\"valueRequired\":true,\"valueName\":\"search_term_string\"}}],\"inLanguage\":\"de-DE\"}]}<\/script>\n<!-- \/ Yoast SEO plugin. -->","yoast_head_json":{"title":"Service - Pan42 Software Engineering","robots":{"index":"index","follow":"follow","max-snippet":"max-snippet:-1","max-image-preview":"max-image-preview:large","max-video-preview":"max-video-preview:-1"},"canonical":"https:\/\/www.pan42.com\/de\/service\/","og_locale":"de_DE","og_type":"article","og_title":"Service - Pan42 Software Engineering","og_description":"Wir bieten Ihnen unterschiedlichste M\u00f6glichkeiten f\u00fcr die Datenmigration:Komplett-Service f\u00fcr Daten\u00fcbertragung Wir erhalten von Ihnen Designdaten, die wir in Ihr gew\u00fcnschtes Zielsystem \u00fcbertragen. Unsere Erfahrung zeigt, dass jeder Kunde seine eigene Design- und Datenstruktur pflegt, die optimal an die Bed\u00fcrfnisse des Unternehmens angepasst ist. Unser Ziel ist es diese Struktur zur erhalten oder zu verbessern, ganz [&hellip;]","og_url":"https:\/\/www.pan42.com\/de\/service\/","og_site_name":"Pan42 Software Engineering","article_modified_time":"2019-01-31T11:07:10+00:00","twitter_misc":{"Gesch\u00e4tzte Lesezeit":"6 Minuten"},"schema":{"@context":"https:\/\/schema.org","@graph":[{"@type":"WebPage","@id":"https:\/\/www.pan42.com\/de\/service\/","url":"https:\/\/www.pan42.com\/de\/service\/","name":"Service - Pan42 Software Engineering","isPartOf":{"@id":"https:\/\/www.pan42.com\/#website"},"datePublished":"2014-10-08T09:02:19+00:00","dateModified":"2019-01-31T11:07:10+00:00","breadcrumb":{"@id":"https:\/\/www.pan42.com\/de\/service\/#breadcrumb"},"inLanguage":"de-DE","potentialAction":[{"@type":"ReadAction","target":["https:\/\/www.pan42.com\/de\/service\/"]}]},{"@type":"BreadcrumbList","@id":"https:\/\/www.pan42.com\/de\/service\/#breadcrumb","itemListElement":[{"@type":"ListItem","position":1,"name":"Home","item":"https:\/\/www.pan42.com\/de\/"},{"@type":"ListItem","position":2,"name":"Service"}]},{"@type":"WebSite","@id":"https:\/\/www.pan42.com\/#website","url":"https:\/\/www.pan42.com\/","name":"Pan42 Software Engineering","description":"EDA Data Migration","potentialAction":[{"@type":"SearchAction","target":{"@type":"EntryPoint","urlTemplate":"https:\/\/www.pan42.com\/?s={search_term_string}"},"query-input":{"@type":"PropertyValueSpecification","valueRequired":true,"valueName":"search_term_string"}}],"inLanguage":"de-DE"}]}},"_links":{"self":[{"href":"https:\/\/www.pan42.com\/de\/wp-json\/wp\/v2\/pages\/2677","targetHints":{"allow":["GET"]}}],"collection":[{"href":"https:\/\/www.pan42.com\/de\/wp-json\/wp\/v2\/pages"}],"about":[{"href":"https:\/\/www.pan42.com\/de\/wp-json\/wp\/v2\/types\/page"}],"author":[{"embeddable":true,"href":"https:\/\/www.pan42.com\/de\/wp-json\/wp\/v2\/users\/1"}],"replies":[{"embeddable":true,"href":"https:\/\/www.pan42.com\/de\/wp-json\/wp\/v2\/comments?post=2677"}],"version-history":[{"count":0,"href":"https:\/\/www.pan42.com\/de\/wp-json\/wp\/v2\/pages\/2677\/revisions"}],"wp:attachment":[{"href":"https:\/\/www.pan42.com\/de\/wp-json\/wp\/v2\/media?parent=2677"}],"curies":[{"name":"wp","href":"https:\/\/api.w.org\/{rel}","templated":true}]}}