{"id":2674,"date":"2014-09-30T10:26:38","date_gmt":"2014-09-30T10:26:38","guid":{"rendered":"http:\/\/pan42.wpengine.com\/?page_id=2674"},"modified":"2019-01-31T11:04:21","modified_gmt":"2019-01-31T11:04:21","slug":"products","status":"publish","type":"page","link":"https:\/\/www.pan42.com\/de\/products\/","title":{"rendered":"Produkte"},"content":{"rendered":"<p>[et_pb_section fb_built=&#8220;1&#8243; fullwidth=&#8220;on&#8220; disabled_on=&#8220;off|off|off&#8220; admin_label=&#8220;Header section&#8220; _builder_version=&#8220;3.19.9&#8243; custom_padding=&#8220;0|0px|0|0px|false|false&#8220; animation_style=&#8220;slide&#8220; animation_direction=&#8220;top&#8220; animation_intensity_slide=&#8220;2%&#8220; animation_starting_opacity=&#8220;100%&#8220; locked=&#8220;off&#8220;][et_pb_fullwidth_header title=&#8220;Product Editions&#8220; content_max_width=&#8220;800px&#8220; _builder_version=&#8220;3.19.9&#8243; title_level=&#8220;h2&#8243; title_font=&#8220;Open Sans||||||||&#8220; title_font_size=&#8220;54px&#8220; title_font_size_phone=&#8220;40px&#8220; title_font_size_last_edited=&#8220;on|desktop&#8220; title_line_height=&#8220;1.2em&#8220; content_font=&#8220;Open Sans||||||||&#8220; content_font_size=&#8220;26px&#8220; content_font_size_phone=&#8220;18px&#8220; content_font_size_last_edited=&#8220;on|desktop&#8220; content_line_height=&#8220;1.8em&#8220; subhead_font=&#8220;Open Sans||||||||&#8220; subhead_font_size=&#8220;22px&#8220; subhead_font_size_last_edited=&#8220;on|desktop&#8220; background_color=&#8220;rgba(255,255,255,0)&#8220; background_color_gradient_direction=&#8220;90deg&#8220; background_image=&#8220;https:\/\/www.pan42.com\/wp-content\/uploads\/2019\/01\/Pan42-header-1920&#215;1280.jpg&#8220; custom_button_two=&#8220;on&#8220; button_two_text_size=&#8220;18px&#8220; button_two_text_color=&#8220;#353740&#8243; button_two_bg_color=&#8220;#ffffff&#8220; button_two_border_width=&#8220;8px&#8220; button_two_border_color=&#8220;#ffffff&#8220; button_two_border_radius=&#8220;0px&#8220; button_two_letter_spacing=&#8220;1px&#8220; button_two_font=&#8220;Lato|700|||||||&#8220; button_two_use_icon=&#8220;off&#8220; custom_button_one=&#8220;on&#8220; button_one_text_size=&#8220;18px&#8220; button_one_bg_color=&#8220;#02d002&#8243; button_one_border_width=&#8220;8px&#8220; button_one_border_color=&#8220;#02d002&#8243; button_one_border_radius=&#8220;0px&#8220; button_one_letter_spacing=&#8220;1px&#8220; button_one_font=&#8220;Lato|700|||||||&#8220; button_one_use_icon=&#8220;off&#8220; custom_margin=&#8220;|||&#8220; custom_padding=&#8220;8%||8%|&#8220; button_one_letter_spacing_hover=&#8220;1px&#8220; button_two_letter_spacing_hover=&#8220;1px&#8220; locked=&#8220;off&#8220; button_one_text_size__hover_enabled=&#8220;off&#8220; button_two_text_size__hover_enabled=&#8220;off&#8220; button_one_text_color__hover_enabled=&#8220;off&#8220; button_two_text_color__hover_enabled=&#8220;off&#8220; button_one_border_width__hover_enabled=&#8220;off&#8220; button_two_border_width__hover_enabled=&#8220;off&#8220; button_one_border_color__hover_enabled=&#8220;off&#8220; button_two_border_color__hover_enabled=&#8220;off&#8220; button_one_border_radius__hover_enabled=&#8220;off&#8220; button_two_border_radius__hover_enabled=&#8220;off&#8220; button_one_letter_spacing__hover_enabled=&#8220;on&#8220; button_one_letter_spacing__hover=&#8220;1px&#8220; button_two_letter_spacing__hover_enabled=&#8220;on&#8220; button_two_letter_spacing__hover=&#8220;1px&#8220; button_one_bg_color__hover_enabled=&#8220;off&#8220; button_two_bg_color__hover_enabled=&#8220;off&#8220;][\/et_pb_fullwidth_header][\/et_pb_section][et_pb_section fb_built=&#8220;1&#8243; _builder_version=&#8220;3.0.47&#8243;][et_pb_row custom_padding=&#8220;27px|0px|0|0px|false|false&#8220; _builder_version=&#8220;3.0.48&#8243; background_size=&#8220;initial&#8220; background_position=&#8220;top_left&#8220; background_repeat=&#8220;repeat&#8220;][et_pb_column type=&#8220;4_4&#8243; _builder_version=&#8220;3.0.47&#8243; parallax=&#8220;off&#8220; parallax_method=&#8220;on&#8220;][et_pb_text _builder_version=&#8220;3.19.7&#8243; background_size=&#8220;initial&#8220; background_position=&#8220;top_left&#8220; background_repeat=&#8220;repeat&#8220;]<\/p>\n<h1>PanLink<\/h1>\n<h2>Ein frei skalierbares \u00dcbertragungsprogram.<\/h2>\n<p>PanLink wird verwendet f\u00fcr die \u00dcbertragung von Schaltplan und Layoutdaten zwischen EDA Systemen unterschiedlichster Hersteller. Je nach Lizensierung kann PanLink als \u00dcbertragungsprogramm f\u00fcr Schaltpl\u00e4ne und Schaltzeichen, f\u00fcr Leiterplattendaten und Bauteildaten und als komplette Design\u00fcbertragung \/ Bibliotheks\u00fcbertragung verwendet werden. Eine Migration von E-CAD Kabelpl\u00e4nen ist ebenso m\u00f6glich.<\/p>\n<p>Durch die PanLink interne Datenbank besteht die M\u00f6glichkeit E-CAD Systemunabh\u00e4ngig die Designdaten auszutauschen und zu speichern.<\/p>\n<p>[\/et_pb_text][\/et_pb_column][\/et_pb_row][\/et_pb_section][et_pb_section fb_built=&#8220;1&#8243; specialty=&#8220;on&#8220; admin_label=&#8220;Section&#8220; _builder_version=&#8220;3.19.5&#8243; custom_padding=&#8220;0|0px|54px|0px|false|false&#8220;][et_pb_column type=&#8220;1_2&#8243; _builder_version=&#8220;3.0.47&#8243; parallax__hover=&#8220;off&#8220; parallax_method__hover=&#8220;on&#8220; parallax=&#8220;off&#8220; parallax_method=&#8220;on&#8220;][et_pb_text _builder_version=&#8220;3.19.7&#8243; background_size=&#8220;initial&#8220; background_position=&#8220;top_left&#8220; background_repeat=&#8220;repeat&#8220;]<\/p>\n<h2>Anwendungen:<\/h2>\n<p>&nbsp;<\/p>\n<h3>Migration<\/h3>\n<ul>\n<li>Wechsel des E-CAD Systems<\/li>\n<li>Vereinheitlichung der E-CAD Systeme (z.B. Harmonisierung der Systeme bei Unternehmenszusammenschl\u00fcsse)<\/li>\n<li>Austausch der Daten f\u00fcr Projekte bei denen unterschiedliche E-CAD Systeme verwendet werden<\/li>\n<li>Pflege &#038; Sicherung alter Datenbest\u00e4nde<\/li>\n<li>Abk\u00fcndigungen von E-CAD Systemen und oder deren Hardware-Plattformen<\/li>\n<\/ul>\n<h3><\/h3>\n<h3>Transition<\/h3>\n<ul>\n<li>Austausch von Bauteilinformation (Properties, Schaltzeichen)<br \/>\nSonderform der Migration. Hier werden die Daten nicht nur 1:1 in eine neues System \u00fcbertragen sondern gleichzeitig wird auf den aktuellen Bibliotheksstand zur\u00fcckgegriffen.<\/span><\/li>\n<\/ul>\n<h3><\/h3>\n<h3>Data Management<\/h3>\n<ul>\n<li>Extraktion von Design Informationen aus den E-CAD Daten<br \/>\n(z.B. Netzinformationen f\u00fcr Design Regeln)<\/li>\n<li>Datensicherung (PanLink eigne neutral Design DataBase \u2013 *.eda)<\/li>\n<\/ul>\n<p><span style=\"font-size: 14px;\">PanLink\u00ae sichert KnowHow. Es ist mit die beste \u2013skalierbare \u2013 flexible \u2013 innovative Migrations-Software am Markt.<\/span><\/p>\n<p>[\/et_pb_text][\/et_pb_column][et_pb_column type=&#8220;1_2&#8243; specialty_columns=&#8220;2&#8243; _builder_version=&#8220;3.0.47&#8243; parallax__hover=&#8220;off&#8220; parallax_method__hover=&#8220;on&#8220; parallax=&#8220;off&#8220; parallax_method=&#8220;on&#8220;][et_pb_row_inner custom_padding=&#8220;|11px||10px&#8220; padding_right_1=&#8220;5px&#8220; padding_left_1=&#8220;5px&#8220; _builder_version=&#8220;3.19.5&#8243; background_color=&#8220;#5a5a63&#8243; custom_margin=&#8220;0px||&#8220;][et_pb_column_inner type=&#8220;4_4&#8243; saved_specialty_column_type=&#8220;1_2&#8243; _builder_version=&#8220;3.0.47&#8243; parallax__hover=&#8220;off&#8220; parallax_method__hover=&#8220;on&#8220; padding_left__hover=&#8220;5px&#8220; padding_right__hover=&#8220;5px&#8220; padding_left=&#8220;5px&#8220; padding_right=&#8220;5px&#8220; parallax=&#8220;off&#8220; parallax_method=&#8220;on&#8220;][et_pb_text _builder_version=&#8220;3.19.7&#8243; text_font=&#8220;||||||||&#8220; text_text_color=&#8220;#ffffff&#8220; header_font=&#8220;||||||||&#8220; header_text_color=&#8220;#ffffff&#8220; background_size=&#8220;initial&#8220; background_position=&#8220;top_left&#8220; background_repeat=&#8220;repeat&#8220;]<\/p>\n<h2><span style=\"color: #ffffff;\">PanLink \u2013 Editions<\/span><\/h2>\n<p><span style=\"color: #ffffff;\">Mit Hilfe der skalierbaren PanLink Software k\u00f6nnen unterschiedlichste Anwendungsf\u00e4lle abgedeckt werden. Die ben\u00f6tigte Edition wird \u00fcber das Lizenzmanagement freigeschaltet und konfiguriert.<\/span><\/p>\n<p>[\/et_pb_text][et_pb_toggle title=&#8220;PanLink\u00ae Schaltplan Migration&#8220; open_toggle_text_color=&#8220;#ffffff&#8220; open_toggle_background_color=&#8220;#5a5a63&#8243; closed_toggle_text_color=&#8220;#ffffff&#8220; closed_toggle_background_color=&#8220;#5a5a63&#8243; _builder_version=&#8220;3.19.7&#8243; border_width_all=&#8220;0px&#8220;]<\/p>\n<p><span style=\"color: #ffffff;\">PanLink Software \u00fcbertr\u00e4gt Schaltplandaten von einem Quell- in ein Zielsystem. Im Zielsystem sind die Daten frei bearbeitbar.<\/span><\/p>\n<p>[\/et_pb_toggle][et_pb_toggle title=&#8220;PanLink\u00ae Layout Migration&#8220; open_toggle_text_color=&#8220;#ffffff&#8220; open_toggle_background_color=&#8220;#5a5a63&#8243; closed_toggle_text_color=&#8220;#ffffff&#8220; closed_toggle_background_color=&#8220;#5a5a63&#8243; _builder_version=&#8220;3.19.7&#8243; border_width_all=&#8220;0px&#8220;]<\/p>\n<p><span style=\"color: #ffffff;\">PanLink Software \u00fcbertr\u00e4gt Leiterplattendaten von einem Quell- in ein Zielsystem. Im Zielsystem sind die Daten frei bearbeitbar.<\/span><\/p>\n<p>[\/et_pb_toggle][et_pb_toggle title=&#8220;PanLink\u00ae Schaltplan &#038; Layout Design Migration&#8220; open_toggle_text_color=&#8220;#ffffff&#8220; open_toggle_background_color=&#8220;#5a5a63&#8243; closed_toggle_text_color=&#8220;#ffffff&#8220; closed_toggle_background_color=&#8220;#5a5a63&#8243; _builder_version=&#8220;3.19.7&#8243; border_width_all=&#8220;0px&#8220;]<\/p>\n<p><span style=\"color: #ffffff;\">PanLink Software \u00fcbertr\u00e4gt Designdaten von einem Quell- in ein Zielsystem. Im Zielsystem sind die Daten frei bearbeitbar.<\/span><\/p>\n<p>[\/et_pb_toggle][et_pb_toggle title=&#8220;PanLink\u00ae Schaltplan &#038; Layout Bibliothek Migration&#8220; open_toggle_text_color=&#8220;#ffffff&#8220; open_toggle_background_color=&#8220;#5a5a63&#8243; closed_toggle_text_color=&#8220;#ffffff&#8220; closed_toggle_background_color=&#8220;#5a5a63&#8243; _builder_version=&#8220;3.19.7&#8243; border_width_all=&#8220;0px&#8220;]<\/p>\n<p><span style=\"color: #ffffff;\">PanLink Software ist in der Lage komplette E-CAD Bibliotheken von einem Quell- in ein Zielsystem zu \u00fcbertragen. Durch die freie Skalierbarkeit k\u00f6nnen hierbei grunds\u00e4tzliche Modifikationen durchgef\u00fchrt werden. Z.B. Austausch, L\u00f6schen oder Erg\u00e4nzen von Attributen aller Art. Im Zielsystem kann so eine neue Bibliothek entstehen, die dann sofort verwendbar ist.<\/span><\/p>\n<p>[\/et_pb_toggle][et_pb_toggle title=&#8220;PanLink\u00ae \u201eMixed\u201c Design Migration&#8220; open_toggle_text_color=&#8220;#ffffff&#8220; open_toggle_background_color=&#8220;#5a5a63&#8243; closed_toggle_text_color=&#8220;#ffffff&#8220; closed_toggle_background_color=&#8220;#5a5a63&#8243; _builder_version=&#8220;3.19.7&#8243; border_width_all=&#8220;0px&#8220;]<\/p>\n<p><span style=\"color: #ffffff;\">PanLink Software ist in der Lage E-CAD Design Daten, die aus unterschiedlichen Quellen stammen, einzulesen und in ein Zielsystem zu \u00fcberf\u00fchren.<br \/>\nZ.B. die Quelle Schaltplan ist Mentor Design Architect, Quelle Layout ist Cadence Allegro. Beide Quelldatens\u00e4tze werden eingelesen, synchronisiert und in ein 3.System dem Zielsystem \u00fcbertragen.<\/span><\/p>\n<p>[\/et_pb_toggle][et_pb_toggle title=&#8220;PanLink\u00ae E-CAD Kabel Migration&#8220; open_toggle_text_color=&#8220;#ffffff&#8220; open_toggle_background_color=&#8220;#5a5a63&#8243; closed_toggle_text_color=&#8220;#ffffff&#8220; closed_toggle_background_color=&#8220;#5a5a63&#8243; _builder_version=&#8220;3.19.7&#8243; border_width_all=&#8220;0px&#8220;]<\/p>\n<p><span style=\"color: #ffffff;\">E-CAD Kabel Software Applikationen sind hochspezialisierte Softwarepakete f\u00fcr das Design von Kabelpl\u00e4nen und Schaltschr\u00e4nke. PanLink ist in der Lage Kabelpl\u00e4ne einzulesen und diese in ein Zielsystem zu \u00fcbertragen.<\/span><\/p>\n<p>[\/et_pb_toggle][\/et_pb_column_inner][\/et_pb_row_inner][\/et_pb_column][\/et_pb_section]<\/p>\n","protected":false},"excerpt":{"rendered":"<p>PanLink Ein frei skalierbares \u00dcbertragungsprogram. PanLink wird verwendet f\u00fcr die \u00dcbertragung von Schaltplan und Layoutdaten zwischen EDA Systemen unterschiedlichster Hersteller. Je nach Lizensierung kann PanLink als \u00dcbertragungsprogramm f\u00fcr Schaltpl\u00e4ne und Schaltzeichen, f\u00fcr Leiterplattendaten und Bauteildaten und als komplette Design\u00fcbertragung \/ Bibliotheks\u00fcbertragung verwendet werden. Eine Migration von E-CAD Kabelpl\u00e4nen ist ebenso m\u00f6glich. Durch die PanLink interne [&hellip;]<\/p>\n","protected":false},"author":1,"featured_media":0,"parent":0,"menu_order":0,"comment_status":"closed","ping_status":"closed","template":"","meta":{"_et_pb_use_builder":"on","_et_pb_old_content":"[vc_row][vc_column width=\"1\/1\"][vc_column_text]\r\n<h1>PanLink<\/h1>\r\n<h2>Fully scalable transmission program.<\/h2>\r\nPanLink is used for the transmission of schematic and layout data between EDA systems from different manufacturers. Depending on the licensing, PanLink can be used as a transfer program for schematics and circuit symbols for circuit board data and component data and as a complete desgin transmission \/ transfer library. Similarly, a migration of E-CAD cable plans is possible.\r\n\r\nWith the internal data base of PanLink it is possible to change and to store the design data independent from the E-CAD system.[\/vc_column_text][\/vc_column][\/vc_row][vc_row][vc_column width=\"1\/2\"][vc_column_text]\r\n<h2>Applications:<\/h2>\r\n<h3>Migration<\/h3>\r\n<ul>\r\n\t<li>Change of EDA System<\/li>\r\n\t<li>Unification of EDA systems\u00a0(e.g. harmonization of different systems in case of mergers)<\/li>\r\n\t<li>Exchange of data when different EDA systems are used<\/li>\r\n\t<li>Maintenance and backup of old data<\/li>\r\n\t<li>Discontinuation of EDA systems and hardware platforms<\/li>\r\n<\/ul>\r\n<h3>Transition<\/h3>\r\n<ul>\r\n\t<li>Exchange of component information (properties, components).\r\n<span style=\"line-height: 1.5;\">This is a special form of migration. The data are accurately transferred to a new system and at the same time the current library is accessed.<\/span><\/li>\r\n<\/ul>\r\n<h3>Data Management<\/h3>\r\n<ul>\r\n\t<li>Extraction of design information from the E-CAD data\u00a0(e.g. net information on design rules)<\/li>\r\n\t<li>Data backup (Neutral Design DataBase - * .eda)<\/li>\r\n<\/ul>\r\n\u00a0\r\n\r\nPanLink\u00ae helps to save the intellectual property of your company. It is one of the best scalable \u2013 flexible \u2013innovative -- migration tools available on the market.[\/vc_column_text][\/vc_column][vc_column width=\"1\/2\" css=\".vc_custom_1420818517398{border-top-width: 1px !important;border-right-width: 1px !important;border-bottom-width: 1px !important;border-left-width: 1px !important;padding-top: 0px !important;padding-right: 15px !important;padding-bottom: 0px !important;padding-left: 15px !important;background-color: #5a5a63 !important;}\" font_color=\"#ffffff\"][vc_column_text]\r\n<h2>PanLink - Editions<\/h2>\r\n[\/vc_column_text][vc_column_text css=\".vc_custom_1426248283640{padding-right: 5px !important;}\" el_class=\".site-content article { word-wrap: normal; -webkit-hyphens: none; -moz-hyphens: none; hyphens: none; } .widget-area .widget { -webkit-hyphens: none; -moz-hyphens: none; hyphens: none; word-wrap: normal; }\"]Thanks to the scalable PanLink software, various different applications can be covered. The required edition will be activated and configured with the license management.[\/vc_column_text][vc_toggle title=\"PanLink\u00ae Schematic Migration\" open=\"false\"]The PanLink software transfers the schematic data from a source system to a destination system. In the destination system the data can be freely processed.[\/vc_toggle][vc_toggle title=\"PanLink\u00ae Layout Migration\" open=\"false\"]The PanLink software transfers the circuit board data from a source system to a destination system. In the destination system the data can be freely processed.[\/vc_toggle][vc_toggle title=\"PanLink\u00ae Schematic and Layout Design Migration\" open=\"false\"]The PanLink software transfers the design data from a source system to a destination system. In the destination system the data can be freely processed.[\/vc_toggle][vc_toggle title=\"PanLink\u00ae Schematic and Layout Library Migration\" open=\"false\"]With PanLink software it is possible to transfer complete E-CAD libraries from a source system to a destination system. Because of the scalability, fundamental modifications can be conducted, e. g. all kind of attributes can be exchanged, deleted or completed. A new library can be generated, which can be used immediately.[\/vc_toggle][vc_toggle title=\"PanLink\u00ae \u201eMixed\u201c Design Migration\" open=\"false\"]The PanLink software can import E-CAD design data from different sources and transfer them to a destination system, e. g. the source schematic is Mentor Design Architect, the source layout is Cadence Allegro. Both source data are imported, synchronized and transferred to a third system, the destination system.[\/vc_toggle][vc_toggle title=\"PanLink\u00ae E-CAD Cable Migration\" open=\"false\"]E-CAD cable software applications are highly-specialized software packages for designing cable layout plans and switch cabinets. PanLink can import de cable layout plans and transfer them to a destination system.[\/vc_toggle][\/vc_column][\/vc_row]","_et_gb_content_width":"","_monsterinsights_skip_tracking":false,"_monsterinsights_sitenote_active":false,"_monsterinsights_sitenote_note":"","_monsterinsights_sitenote_category":0,"footnotes":""},"class_list":["post-2674","page","type-page","status-publish","hentry"],"yoast_head":"<!-- This site is optimized with the Yoast SEO plugin v26.8 - https:\/\/yoast.com\/product\/yoast-seo-wordpress\/ -->\n<title>Produkte - Pan42 Software Engineering<\/title>\n<meta name=\"robots\" content=\"index, follow, max-snippet:-1, max-image-preview:large, max-video-preview:-1\" \/>\n<link rel=\"canonical\" href=\"https:\/\/www.pan42.com\/de\/products\/\" \/>\n<meta property=\"og:locale\" content=\"de_DE\" \/>\n<meta property=\"og:type\" content=\"article\" \/>\n<meta property=\"og:title\" content=\"Produkte - Pan42 Software Engineering\" \/>\n<meta property=\"og:description\" content=\"PanLink Ein frei skalierbares \u00dcbertragungsprogram. PanLink wird verwendet f\u00fcr die \u00dcbertragung von Schaltplan und Layoutdaten zwischen EDA Systemen unterschiedlichster Hersteller. Je nach Lizensierung kann PanLink als \u00dcbertragungsprogramm f\u00fcr Schaltpl\u00e4ne und Schaltzeichen, f\u00fcr Leiterplattendaten und Bauteildaten und als komplette Design\u00fcbertragung \/ Bibliotheks\u00fcbertragung verwendet werden. Eine Migration von E-CAD Kabelpl\u00e4nen ist ebenso m\u00f6glich. Durch die PanLink interne [&hellip;]\" \/>\n<meta property=\"og:url\" content=\"https:\/\/www.pan42.com\/de\/products\/\" \/>\n<meta property=\"og:site_name\" content=\"Pan42 Software Engineering\" \/>\n<meta property=\"article:modified_time\" content=\"2019-01-31T11:04:21+00:00\" \/>\n<meta name=\"twitter:label1\" content=\"Gesch\u00e4tzte Lesezeit\" \/>\n\t<meta name=\"twitter:data1\" content=\"6 Minuten\" \/>\n<script type=\"application\/ld+json\" class=\"yoast-schema-graph\">{\"@context\":\"https:\/\/schema.org\",\"@graph\":[{\"@type\":\"WebPage\",\"@id\":\"https:\/\/www.pan42.com\/de\/products\/\",\"url\":\"https:\/\/www.pan42.com\/de\/products\/\",\"name\":\"Produkte - Pan42 Software Engineering\",\"isPartOf\":{\"@id\":\"https:\/\/www.pan42.com\/#website\"},\"datePublished\":\"2014-09-30T10:26:38+00:00\",\"dateModified\":\"2019-01-31T11:04:21+00:00\",\"breadcrumb\":{\"@id\":\"https:\/\/www.pan42.com\/de\/products\/#breadcrumb\"},\"inLanguage\":\"de-DE\",\"potentialAction\":[{\"@type\":\"ReadAction\",\"target\":[\"https:\/\/www.pan42.com\/de\/products\/\"]}]},{\"@type\":\"BreadcrumbList\",\"@id\":\"https:\/\/www.pan42.com\/de\/products\/#breadcrumb\",\"itemListElement\":[{\"@type\":\"ListItem\",\"position\":1,\"name\":\"Home\",\"item\":\"https:\/\/www.pan42.com\/de\/\"},{\"@type\":\"ListItem\",\"position\":2,\"name\":\"Produkte\"}]},{\"@type\":\"WebSite\",\"@id\":\"https:\/\/www.pan42.com\/#website\",\"url\":\"https:\/\/www.pan42.com\/\",\"name\":\"Pan42 Software Engineering\",\"description\":\"EDA Data Migration\",\"potentialAction\":[{\"@type\":\"SearchAction\",\"target\":{\"@type\":\"EntryPoint\",\"urlTemplate\":\"https:\/\/www.pan42.com\/?s={search_term_string}\"},\"query-input\":{\"@type\":\"PropertyValueSpecification\",\"valueRequired\":true,\"valueName\":\"search_term_string\"}}],\"inLanguage\":\"de-DE\"}]}<\/script>\n<!-- \/ Yoast SEO plugin. -->","yoast_head_json":{"title":"Produkte - Pan42 Software Engineering","robots":{"index":"index","follow":"follow","max-snippet":"max-snippet:-1","max-image-preview":"max-image-preview:large","max-video-preview":"max-video-preview:-1"},"canonical":"https:\/\/www.pan42.com\/de\/products\/","og_locale":"de_DE","og_type":"article","og_title":"Produkte - Pan42 Software Engineering","og_description":"PanLink Ein frei skalierbares \u00dcbertragungsprogram. PanLink wird verwendet f\u00fcr die \u00dcbertragung von Schaltplan und Layoutdaten zwischen EDA Systemen unterschiedlichster Hersteller. Je nach Lizensierung kann PanLink als \u00dcbertragungsprogramm f\u00fcr Schaltpl\u00e4ne und Schaltzeichen, f\u00fcr Leiterplattendaten und Bauteildaten und als komplette Design\u00fcbertragung \/ Bibliotheks\u00fcbertragung verwendet werden. Eine Migration von E-CAD Kabelpl\u00e4nen ist ebenso m\u00f6glich. Durch die PanLink interne [&hellip;]","og_url":"https:\/\/www.pan42.com\/de\/products\/","og_site_name":"Pan42 Software Engineering","article_modified_time":"2019-01-31T11:04:21+00:00","twitter_misc":{"Gesch\u00e4tzte Lesezeit":"6 Minuten"},"schema":{"@context":"https:\/\/schema.org","@graph":[{"@type":"WebPage","@id":"https:\/\/www.pan42.com\/de\/products\/","url":"https:\/\/www.pan42.com\/de\/products\/","name":"Produkte - Pan42 Software Engineering","isPartOf":{"@id":"https:\/\/www.pan42.com\/#website"},"datePublished":"2014-09-30T10:26:38+00:00","dateModified":"2019-01-31T11:04:21+00:00","breadcrumb":{"@id":"https:\/\/www.pan42.com\/de\/products\/#breadcrumb"},"inLanguage":"de-DE","potentialAction":[{"@type":"ReadAction","target":["https:\/\/www.pan42.com\/de\/products\/"]}]},{"@type":"BreadcrumbList","@id":"https:\/\/www.pan42.com\/de\/products\/#breadcrumb","itemListElement":[{"@type":"ListItem","position":1,"name":"Home","item":"https:\/\/www.pan42.com\/de\/"},{"@type":"ListItem","position":2,"name":"Produkte"}]},{"@type":"WebSite","@id":"https:\/\/www.pan42.com\/#website","url":"https:\/\/www.pan42.com\/","name":"Pan42 Software Engineering","description":"EDA Data Migration","potentialAction":[{"@type":"SearchAction","target":{"@type":"EntryPoint","urlTemplate":"https:\/\/www.pan42.com\/?s={search_term_string}"},"query-input":{"@type":"PropertyValueSpecification","valueRequired":true,"valueName":"search_term_string"}}],"inLanguage":"de-DE"}]}},"_links":{"self":[{"href":"https:\/\/www.pan42.com\/de\/wp-json\/wp\/v2\/pages\/2674","targetHints":{"allow":["GET"]}}],"collection":[{"href":"https:\/\/www.pan42.com\/de\/wp-json\/wp\/v2\/pages"}],"about":[{"href":"https:\/\/www.pan42.com\/de\/wp-json\/wp\/v2\/types\/page"}],"author":[{"embeddable":true,"href":"https:\/\/www.pan42.com\/de\/wp-json\/wp\/v2\/users\/1"}],"replies":[{"embeddable":true,"href":"https:\/\/www.pan42.com\/de\/wp-json\/wp\/v2\/comments?post=2674"}],"version-history":[{"count":0,"href":"https:\/\/www.pan42.com\/de\/wp-json\/wp\/v2\/pages\/2674\/revisions"}],"wp:attachment":[{"href":"https:\/\/www.pan42.com\/de\/wp-json\/wp\/v2\/media?parent=2674"}],"curies":[{"name":"wp","href":"https:\/\/api.w.org\/{rel}","templated":true}]}}