{"id":2650,"date":"2011-05-20T18:49:43","date_gmt":"2011-05-20T18:49:43","guid":{"rendered":"http:\/\/pan42.wpengine.com\/?page_id=2650"},"modified":"2019-02-08T08:11:28","modified_gmt":"2019-02-08T08:11:28","slug":"homepage-1","status":"publish","type":"page","link":"https:\/\/www.pan42.com\/de\/","title":{"rendered":"Home"},"content":{"rendered":"<p>[et_pb_section fb_built=&#8220;1&#8243; fullwidth=&#8220;on&#8220; disabled_on=&#8220;off|off|off&#8220; admin_label=&#8220;Header Section&#8220; _builder_version=&#8220;3.19.9&#8243; background_color=&#8220;#000000&#8243; custom_padding=&#8220;|||&#8220; locked=&#8220;off&#8220;][et_pb_fullwidth_slider module_class=&#8220;ds-fw-slider&#8220; _builder_version=&#8220;3.19.9&#8243; header_font=&#8220;||||||||&#8220; custom_button=&#8220;on&#8220; button_text_size=&#8220;18px&#8220; button_border_width=&#8220;2px&#8220; button_border_radius=&#8220;3px&#8220; button_font=&#8220;||||||||&#8220; button_use_icon=&#8220;off&#8220; button_text_size_phone=&#8220;15px&#8220; button_text_size_last_edited=&#8220;on|desktop&#8220; auto=&#8220;on&#8220; auto_ignore_hover=&#8220;on&#8220;][et_pb_slide button_text=&#8220;Weiterlesen &#8220; button_link=&#8220;https:\/\/www.pan42.com\/de\/services&#8220; _builder_version=&#8220;3.19.9&#8243; header_font=&#8220;||||||||&#8220; body_font=&#8220;||||||||&#8220; background_image=&#8220;https:\/\/www.pan42.com\/wp-content\/uploads\/2014\/10\/IMG_2556-2500pxwide-e1420811034518.jpg&#8220; custom_padding_phone=&#8220;|||0px&#8220; custom_padding_last_edited=&#8220;on|phone&#8220; hover_enabled=&#8220;0&#8243;]<\/p>\n<h2>EDA DATA MIGRATION<\/h2>\n<p>One-Stop-L\u00f6sung f\u00fcr EDA-Migration: Mentor, Cadence, Zuken or Altium<\/p>\n<p>Global agierend aus Freiburg, Deutschland<\/p>\n<p>[\/et_pb_slide][et_pb_slide button_text=&#8220;Weiterlesen &#8220; button_link=&#8220;https:\/\/www.pan42.com\/de\/products&#8220; _builder_version=&#8220;3.19.9&#8243; header_font=&#8220;||||||||&#8220; body_font=&#8220;||||||||&#8220; background_image=&#8220;https:\/\/www.pan42.com\/wp-content\/uploads\/2014\/10\/pan42-background5.jpg&#8220; custom_padding_phone=&#8220;|||0px&#8220; custom_padding_last_edited=&#8220;on|phone&#8220; hover_enabled=&#8220;0&#8243;]<\/p>\n<h2>DIE ULTIMATIVE EDA MIGRATIONS SOFTWARE<\/h2>\n<p>PanLink\u00ae Schematic &amp; PCB Design<br \/>PanLink\u00ae Schematic &amp; PCB Library<br \/>PanLink\u00ae Mixed Flows<br \/>PanLink\u00ae Schematic<br \/>PanLink\u00ae Cable<br \/>PanLink\u00ae PCB<\/p>\n<p>[\/et_pb_slide][\/et_pb_fullwidth_slider][\/et_pb_section][et_pb_section fb_built=&#8220;1&#8243; admin_label=&#8220;Secondary two column&#8220; _builder_version=&#8220;3.19.4&#8243; custom_margin=&#8220;|||&#8220; custom_padding=&#8220;10%|0px|10%|0px|false|false&#8220;][et_pb_row use_custom_width=&#8220;on&#8220; custom_width_px=&#8220;1280px&#8220; custom_padding=&#8220;0px|||&#8220; custom_margin=&#8220;0px||&#8220; padding_right_1=&#8220;0px&#8220; padding_right_2=&#8220;75px&#8220; padding_left_1=&#8220;0px&#8220; padding_left_2=&#8220;75px&#8220; _builder_version=&#8220;3.19.7&#8243; module_alignment=&#8220;center&#8220; custom_margin_last_edited=&#8220;on|desktop&#8220;][et_pb_column type=&#8220;1_2&#8243; _builder_version=&#8220;3.0.47&#8243; padding_left=&#8220;0px&#8220; padding_right=&#8220;0px&#8220; parallax=&#8220;off&#8220; parallax_method=&#8220;on&#8220;][et_pb_image src=&#8220;https:\/\/www.pan42.com\/wp-content\/uploads\/2019\/01\/EDA-Data-Migration-icon.png&#8220; url=&#8220;https:\/\/www.pan42.com\/de\/products\/&#8220; align=&#8220;center&#8220; _builder_version=&#8220;3.19.9&#8243; module_alignment=&#8220;center&#8220; animation_style=&#8220;zoom&#8220;][\/et_pb_image][et_pb_text admin_label=&#8220;Title&#8220; _builder_version=&#8220;3.19.9&#8243; text_font=&#8220;Open Sans||||||||&#8220; text_font_size=&#8220;16px&#8220; text_line_height=&#8220;1.8em&#8220; header_font=&#8220;||||||||&#8220; header_text_align=&#8220;center&#8220; header_2_font=&#8220;||||||||&#8220; header_3_font=&#8220;Open Sans|||on|||||&#8220; header_3_font_size=&#8220;28px&#8220; max_width=&#8220;600px&#8220; max_width_last_edited=&#8220;on|phone&#8220; module_alignment=&#8220;center&#8220; custom_margin=&#8220;|||&#8220; animation_style=&#8220;zoom&#8220; link_option_url=&#8220;https:\/\/www.pan42.com\/de\/products\/&#8220; locked=&#8220;off&#8220; inline_fonts=&#8220;Open Sans&#8220;]<\/p>\n<h3 style=\"text-align: center;\"><span style=\"color: #ba0439;\">E-CAD Daten Migration<\/span><\/h3>\n<p style=\"text-align: center;\">Pan42 bietet L\u00f6sungen f\u00fcr die Datenmigration zwischen unterschiedlichen E-CAD Systemen.<\/p>\n<p>[\/et_pb_text][\/et_pb_column][et_pb_column type=&#8220;1_2&#8243; _builder_version=&#8220;3.0.47&#8243; padding_left=&#8220;75px&#8220; padding_right=&#8220;75px&#8220; parallax=&#8220;off&#8220; parallax_method=&#8220;on&#8220;][et_pb_image src=&#8220;https:\/\/www.pan42.com\/wp-content\/uploads\/2019\/01\/EDA-Design-Consultancy-icon.png&#8220; url=&#8220;https:\/\/www.pan42.com\/de\/services&#8220; align=&#8220;center&#8220; _builder_version=&#8220;3.19.9&#8243; max_width_phone=&#8220;100%&#8220; max_width_last_edited=&#8220;on|phone&#8220; module_alignment=&#8220;center&#8220; animation_style=&#8220;zoom&#8220;][\/et_pb_image][et_pb_text admin_label=&#8220;Title&#8220; _builder_version=&#8220;3.19.9&#8243; text_font=&#8220;Open Sans||||||||&#8220; text_font_size=&#8220;16px&#8220; text_line_height=&#8220;1.8em&#8220; header_font=&#8220;||||||||&#8220; header_text_align=&#8220;center&#8220; header_font_size=&#8220;32px&#8220; header_2_font=&#8220;||||||||&#8220; header_3_font=&#8220;Open Sans|||on|||||&#8220; header_3_font_size=&#8220;28px&#8220; header_3_line_height=&#8220;1.5em&#8220; max_width=&#8220;600px&#8220; max_width_last_edited=&#8220;on|phone&#8220; module_alignment=&#8220;center&#8220; custom_margin=&#8220;|||&#8220; animation_style=&#8220;zoom&#8220; link_option_url=&#8220;https:\/\/www.pan42.com\/de\/services&#8220; locked=&#8220;off&#8220; inline_fonts=&#8220;Open Sans&#8220;]<\/p>\n<h3 style=\"text-align: center;\"><span style=\"color: #ba0439;\">E-CAD Daten Migration Service &#038; Beratung<\/span><\/h3>\n<p style=\"text-align: center;\">Ben\u00f6tigen Sie Unterst\u00fctzung f\u00fcr eine Daten Migration?<br \/>\nWir beraten Sie und helfen Ihnen gerne.<\/p>\n<p>[\/et_pb_text][\/et_pb_column][\/et_pb_row][\/et_pb_section][et_pb_section fb_built=&#8220;1&#8243; fullwidth=&#8220;on&#8220; admin_label=&#8220;Header Section&#8220; _builder_version=&#8220;3.19.5&#8243; background_color=&#8220;#ba0439&#8243; custom_margin=&#8220;0px||&#8220; custom_padding=&#8220;0px|0px|0|0px|false|false&#8220; animation_style=&#8220;fade&#8220;][et_pb_fullwidth_slider disabled_on=&#8220;on|off|off&#8220; _builder_version=&#8220;3.19.12&#8243; header_font=&#8220;||||||||&#8220; header_text_align=&#8220;center&#8220; body_font=&#8220;||||||||&#8220; body_font_size=&#8220;20px&#8220; body_line_height=&#8220;1.8em&#8220; animation_style=&#8220;fade&#8220;][et_pb_slide _builder_version=&#8220;3.19.12&#8243; header_font=&#8220;||||||||&#8220; body_font=&#8220;||||||||&#8220; background_color=&#8220;#ba0439&#8243;]<span style=\"font-size: x-large;\">L\u00f6sungen von Pan42 haben zum Ziel unterschiedliche E-CAD Designsysteme in einem globalen Umfeld zu harmonisieren und Systemwechsel zu erm\u00f6glichen.<\/span>[\/et_pb_slide][\/et_pb_fullwidth_slider][et_pb_fullwidth_slider disabled_on=&#8220;off|on|on&#8220; _builder_version=&#8220;3.19.12&#8243; header_font=&#8220;||||||||&#8220; header_text_align=&#8220;center&#8220; body_font=&#8220;||||||||&#8220; body_font_size=&#8220;18px&#8220; body_line_height=&#8220;1.8em&#8220; custom_margin_phone=&#8220;|||-75px&#8220; custom_margin_last_edited=&#8220;on|desktop&#8220; custom_padding=&#8220;|||0px&#8220; custom_padding_phone=&#8220;|0px||0px&#8220; custom_padding_last_edited=&#8220;on|desktop&#8220; animation_style=&#8220;fade&#8220; locked=&#8220;off&#8220;][et_pb_slide _builder_version=&#8220;3.19.12&#8243; header_font=&#8220;||||||||&#8220; body_font=&#8220;||||||||&#8220; body_font_size_phone=&#8220;14px&#8220; body_font_size_last_edited=&#8220;on|desktop&#8220; body_letter_spacing=&#8220;1px&#8220; body_line_height=&#8220;1.8em&#8220; background_color=&#8220;#ba0439&#8243;]<span style=\"font-size: large;\">L\u00f6sungen von Pan42 haben zum Ziel unterschiedliche E-CAD Designsysteme in einem globalen Umfeld zu harmonisieren und Systemwechsel zu erm\u00f6glichen.<\/span>[\/et_pb_slide][\/et_pb_fullwidth_slider][\/et_pb_section]<\/p>\n","protected":false},"excerpt":{"rendered":"<p>EDA DATA MIGRATION One-Stop-L\u00f6sung f\u00fcr EDA-Migration: Mentor, Cadence, Zuken or Altium Global agierend aus Freiburg, DeutschlandDIE ULTIMATIVE EDA MIGRATIONS SOFTWARE PanLink\u00ae Schematic &amp; PCB DesignPanLink\u00ae Schematic &amp; PCB LibraryPanLink\u00ae Mixed FlowsPanLink\u00ae SchematicPanLink\u00ae CablePanLink\u00ae PCBE-CAD Daten Migration Pan42 bietet L\u00f6sungen f\u00fcr die Datenmigration zwischen unterschiedlichen E-CAD Systemen.E-CAD Daten Migration Service &#038; Beratung Ben\u00f6tigen Sie Unterst\u00fctzung f\u00fcr [&hellip;]<\/p>\n","protected":false},"author":1,"featured_media":0,"parent":0,"menu_order":0,"comment_status":"closed","ping_status":"closed","template":"","meta":{"_et_pb_use_builder":"on","_et_pb_old_content":"<p>[vc_row css=\".vc_custom_1412865259828{margin-bottom: 0px !important;padding-top: 80px !important;padding-right: 80px !important;padding-bottom: 80px !important;padding-left: 80px !important;background-color: #ffffff !important;}\"][vc_column width=\"1\/1\"][vc_row_inner margin_bottom=\"0\"][vc_column_inner width=\"1\/2\"][icon header=\"fa-rocket\" size=\"medium\" background_color_1=\"#42caf6\" background_color_2=\"#00c0ff\" spin=\"false\" align=\"aligncenter\" animation=\"expandOpen\" delay=\"0.1\" color=\"#ffffff\" border_radius=\"100%\" scroll_animation=\"disable\" background_size=\"98px\" image=\"fa-refresh\" margins=\"0\" link=\"products\"][vc_column_text margins=\"0 0 30px 0\"]<\/p><h5 style=\"text-align: center;\"><a title=\"Products\" href=\"\/?page_id=2536\">EDA Data Migration<\/a><\/h5><p style=\"text-align: center;\"><span style=\"color: #aaaaaa;\">Pan42 is the one-stop solution for migrating your EDA design data between vendors.<\/span><\/p><p>[\/vc_column_text][\/vc_column_inner][vc_column_inner width=\"1\/2\"][icon header=\"fa-rocket\" size=\"medium\" background_color_1=\"#ff005a\" background_color_2=\"#d61257\" image=\"fa-users\" spin=\"false\" align=\"aligncenter\" animation=\"expandOpen\" color=\"#ffffff\" scroll_animation=\"disable\" border_radius=\"100%\" background_size=\"98px\" delay=\"0.2\" margins=\"0\" link=\"services\"][vc_column_text margins=\"0 0 30px 0\"]<\/p><h5 style=\"text-align: center;\"><a title=\"Services\" href=\"\/?page_id=2554\">EDA Design Consultancy<\/a><\/h5><p style=\"text-align: center;\"><span style=\"color: #aaaaaa;\">Need help with your next\u00a0EDA Design Project?<br \/>Don't hesitate to contact our EDA experts.<\/span><\/p><p>[\/vc_column_text][\/vc_column_inner][\/vc_row_inner][\/vc_column][\/vc_row][vc_row font_color=\"#ffffff\" bg_image_repeat=\"cover\" css=\".vc_custom_1412075025970{margin-bottom: 0px !important;padding-top: 25px !important;padding-right: 45px !important;padding-bottom: 45px !important;padding-left: 45px !important;background-color: #ba0439 !important;}\"][vc_column width=\"1\/6\"][\/vc_column][vc_column width=\"2\/3\"][vc_column_text margins=\"0\"]<\/p><h4 style=\"text-align: center;\"><span style=\"color: #ffffff;\">Pan42 focuses on EDA data migration to harmonize different EDA systems in a worldwide design environment and create the ability to change the EDA tools.<\/span><\/h4><p>[\/vc_column_text][\/vc_column][vc_column width=\"1\/6\"][\/vc_column][\/vc_row]<\/p>","_et_gb_content_width":"","_monsterinsights_skip_tracking":false,"_monsterinsights_sitenote_active":false,"_monsterinsights_sitenote_note":"","_monsterinsights_sitenote_category":0,"footnotes":""},"class_list":["post-2650","page","type-page","status-publish","hentry"],"yoast_head":"<!-- This site is optimized with the Yoast SEO plugin v26.8 - https:\/\/yoast.com\/product\/yoast-seo-wordpress\/ -->\n<title>Pan42 Software Engineering - EDA Migration<\/title>\n<meta name=\"description\" content=\"Pan42 focuses on EDA migration to harmonize different EDA systems in a worldwide design environment and create the ability to change the EDA tools.\" \/>\n<meta name=\"robots\" content=\"index, follow, max-snippet:-1, max-image-preview:large, max-video-preview:-1\" \/>\n<link rel=\"canonical\" href=\"https:\/\/www.pan42.com\/de\/\" \/>\n<meta property=\"og:locale\" content=\"de_DE\" \/>\n<meta property=\"og:type\" content=\"article\" \/>\n<meta property=\"og:title\" content=\"Pan42 Software Engineering - EDA Migration\" \/>\n<meta property=\"og:description\" content=\"Pan42 focuses on EDA migration to harmonize different EDA systems in a worldwide design environment and create the ability to change the EDA tools.\" \/>\n<meta property=\"og:url\" content=\"https:\/\/www.pan42.com\/de\/\" \/>\n<meta property=\"og:site_name\" content=\"Pan42 Software Engineering\" \/>\n<meta property=\"article:modified_time\" content=\"2019-02-08T08:11:28+00:00\" \/>\n<meta name=\"twitter:label1\" content=\"Gesch\u00e4tzte Lesezeit\" \/>\n\t<meta name=\"twitter:data1\" content=\"4 Minuten\" \/>\n<script type=\"application\/ld+json\" class=\"yoast-schema-graph\">{\"@context\":\"https:\/\/schema.org\",\"@graph\":[{\"@type\":\"WebPage\",\"@id\":\"https:\/\/www.pan42.com\/de\/\",\"url\":\"https:\/\/www.pan42.com\/de\/\",\"name\":\"Pan42 Software Engineering - EDA Migration\",\"isPartOf\":{\"@id\":\"https:\/\/www.pan42.com\/#website\"},\"datePublished\":\"2011-05-20T18:49:43+00:00\",\"dateModified\":\"2019-02-08T08:11:28+00:00\",\"description\":\"Pan42 focuses on EDA migration to harmonize different EDA systems in a worldwide design environment and create the ability to change the EDA tools.\",\"breadcrumb\":{\"@id\":\"https:\/\/www.pan42.com\/de\/#breadcrumb\"},\"inLanguage\":\"de-DE\",\"potentialAction\":[{\"@type\":\"ReadAction\",\"target\":[\"https:\/\/www.pan42.com\/de\/\"]}]},{\"@type\":\"BreadcrumbList\",\"@id\":\"https:\/\/www.pan42.com\/de\/#breadcrumb\",\"itemListElement\":[{\"@type\":\"ListItem\",\"position\":1,\"name\":\"Home\",\"item\":\"https:\/\/www.pan42.com\/de\/\"},{\"@type\":\"ListItem\",\"position\":2,\"name\":\"Home\"}]},{\"@type\":\"WebSite\",\"@id\":\"https:\/\/www.pan42.com\/#website\",\"url\":\"https:\/\/www.pan42.com\/\",\"name\":\"Pan42 Software Engineering\",\"description\":\"EDA Data Migration\",\"potentialAction\":[{\"@type\":\"SearchAction\",\"target\":{\"@type\":\"EntryPoint\",\"urlTemplate\":\"https:\/\/www.pan42.com\/?s={search_term_string}\"},\"query-input\":{\"@type\":\"PropertyValueSpecification\",\"valueRequired\":true,\"valueName\":\"search_term_string\"}}],\"inLanguage\":\"de-DE\"}]}<\/script>\n<!-- \/ Yoast SEO plugin. -->","yoast_head_json":{"title":"Pan42 Software Engineering - EDA Migration","description":"Pan42 focuses on EDA migration to harmonize different EDA systems in a worldwide design environment and create the ability to change the EDA tools.","robots":{"index":"index","follow":"follow","max-snippet":"max-snippet:-1","max-image-preview":"max-image-preview:large","max-video-preview":"max-video-preview:-1"},"canonical":"https:\/\/www.pan42.com\/de\/","og_locale":"de_DE","og_type":"article","og_title":"Pan42 Software Engineering - EDA Migration","og_description":"Pan42 focuses on EDA migration to harmonize different EDA systems in a worldwide design environment and create the ability to change the EDA tools.","og_url":"https:\/\/www.pan42.com\/de\/","og_site_name":"Pan42 Software Engineering","article_modified_time":"2019-02-08T08:11:28+00:00","twitter_misc":{"Gesch\u00e4tzte Lesezeit":"4 Minuten"},"schema":{"@context":"https:\/\/schema.org","@graph":[{"@type":"WebPage","@id":"https:\/\/www.pan42.com\/de\/","url":"https:\/\/www.pan42.com\/de\/","name":"Pan42 Software Engineering - EDA Migration","isPartOf":{"@id":"https:\/\/www.pan42.com\/#website"},"datePublished":"2011-05-20T18:49:43+00:00","dateModified":"2019-02-08T08:11:28+00:00","description":"Pan42 focuses on EDA migration to harmonize different EDA systems in a worldwide design environment and create the ability to change the EDA tools.","breadcrumb":{"@id":"https:\/\/www.pan42.com\/de\/#breadcrumb"},"inLanguage":"de-DE","potentialAction":[{"@type":"ReadAction","target":["https:\/\/www.pan42.com\/de\/"]}]},{"@type":"BreadcrumbList","@id":"https:\/\/www.pan42.com\/de\/#breadcrumb","itemListElement":[{"@type":"ListItem","position":1,"name":"Home","item":"https:\/\/www.pan42.com\/de\/"},{"@type":"ListItem","position":2,"name":"Home"}]},{"@type":"WebSite","@id":"https:\/\/www.pan42.com\/#website","url":"https:\/\/www.pan42.com\/","name":"Pan42 Software Engineering","description":"EDA Data Migration","potentialAction":[{"@type":"SearchAction","target":{"@type":"EntryPoint","urlTemplate":"https:\/\/www.pan42.com\/?s={search_term_string}"},"query-input":{"@type":"PropertyValueSpecification","valueRequired":true,"valueName":"search_term_string"}}],"inLanguage":"de-DE"}]}},"_links":{"self":[{"href":"https:\/\/www.pan42.com\/de\/wp-json\/wp\/v2\/pages\/2650","targetHints":{"allow":["GET"]}}],"collection":[{"href":"https:\/\/www.pan42.com\/de\/wp-json\/wp\/v2\/pages"}],"about":[{"href":"https:\/\/www.pan42.com\/de\/wp-json\/wp\/v2\/types\/page"}],"author":[{"embeddable":true,"href":"https:\/\/www.pan42.com\/de\/wp-json\/wp\/v2\/users\/1"}],"replies":[{"embeddable":true,"href":"https:\/\/www.pan42.com\/de\/wp-json\/wp\/v2\/comments?post=2650"}],"version-history":[{"count":0,"href":"https:\/\/www.pan42.com\/de\/wp-json\/wp\/v2\/pages\/2650\/revisions"}],"wp:attachment":[{"href":"https:\/\/www.pan42.com\/de\/wp-json\/wp\/v2\/media?parent=2650"}],"curies":[{"name":"wp","href":"https:\/\/api.w.org\/{rel}","templated":true}]}}